{"id":1745,"date":"2024-04-19T20:05:17","date_gmt":"2024-04-19T20:05:17","guid":{"rendered":"https:\/\/lifeadaptablues.eu\/es\/?page_id=1745"},"modified":"2024-05-16T07:49:13","modified_gmt":"2024-05-16T07:49:13","slug":"training","status":"publish","type":"page","link":"https:\/\/lifeadaptablues.eu\/pt\/training\/","title":{"rendered":"Forma\u00e7\u00e3o"},"content":{"rendered":"<p><div class=\"fusion-fullwidth fullwidth-box fusion-builder-row-1 fusion-flex-container has-pattern-background has-mask-background nonhundred-percent-fullwidth non-hundred-percent-height-scrolling\" style=\"--awb-border-radius-top-left:0px;--awb-border-radius-top-right:0px;--awb-border-radius-bottom-right:0px;--awb-border-radius-bottom-left:0px;--awb-flex-wrap:wrap;\" ><div class=\"fusion-builder-row fusion-row fusion-flex-align-items-flex-start fusion-flex-content-wrap\" style=\"max-width:1144px;margin-left: calc(-4% \/ 2 );margin-right: calc(-4% \/ 2 );\"><div class=\"fusion-layout-column fusion_builder_column fusion-builder-column-0 fusion_builder_column_1_1 1_1 fusion-flex-column\" style=\"--awb-bg-size:cover;--awb-width-large:100%;--awb-margin-top-large:0px;--awb-spacing-right-large:1.92%;--awb-margin-bottom-large:20px;--awb-spacing-left-large:1.92%;--awb-width-medium:100%;--awb-order-medium:0;--awb-spacing-right-medium:1.92%;--awb-spacing-left-medium:1.92%;--awb-width-small:100%;--awb-order-small:0;--awb-spacing-right-small:1.92%;--awb-spacing-left-small:1.92%;\" data-scroll-devices=\"small-visibility,medium-visibility,large-visibility\"><div class=\"fusion-column-wrapper fusion-column-has-shadow fusion-flex-justify-content-flex-start fusion-content-layout-column\"><div class=\"fusion-title title fusion-title-1 fusion-sep-none fusion-title-text fusion-title-size-one fusion-text-has-stroke\" style=\"--awb-font-size:var(--awb-typography1-font-size);\"><h1 class=\"fusion-title-heading title-heading-left\" style=\"margin:0;font-size:1em;\">Forma\u00e7\u00e3o<\/h1><\/div><\/div><\/div><div class=\"fusion-layout-column fusion_builder_column fusion-builder-column-1 fusion_builder_column_1_1 1_1 fusion-flex-column\" style=\"--awb-bg-color:#61c2dd;--awb-bg-color-hover:#61c2dd;--awb-bg-size:cover;--awb-width-large:100%;--awb-margin-top-large:0px;--awb-spacing-right-large:1.92%;--awb-margin-bottom-large:20px;--awb-spacing-left-large:1.92%;--awb-width-medium:100%;--awb-order-medium:0;--awb-spacing-right-medium:1.92%;--awb-spacing-left-medium:1.92%;--awb-width-small:100%;--awb-order-small:0;--awb-spacing-right-small:1.92%;--awb-spacing-left-small:1.92%;\" data-scroll-devices=\"small-visibility,medium-visibility,large-visibility\"><div class=\"fusion-column-wrapper fusion-column-has-shadow fusion-flex-justify-content-flex-start fusion-content-layout-column\"><div class=\"fusion-text fusion-text-1 fusion-text-no-margin\" style=\"--awb-font-size:26px;--awb-text-color:#ededed;--awb-margin-top:2%;--awb-margin-right:2%;--awb-margin-bottom:2%;--awb-margin-left:2%;\"><p>Aqui encontrar\u00e1 todas as informa\u00e7\u00f5es necess\u00e1rias sobre os nossos cursos em linha sobre Conserva\u00e7\u00e3o e adapta\u00e7\u00e3o \u00e0s altera\u00e7\u00f5es clim\u00e1ticas em zonas estuarinas.<\/p>\n<\/div><\/div><\/div><div class=\"fusion-layout-column fusion_builder_column fusion-builder-column-2 fusion_builder_column_1_2 1_2 fusion-flex-column\" style=\"--awb-bg-size:cover;--awb-width-large:50%;--awb-margin-top-large:0px;--awb-spacing-right-large:3.84%;--awb-margin-bottom-large:20px;--awb-spacing-left-large:3.84%;--awb-width-medium:100%;--awb-order-medium:0;--awb-spacing-right-medium:1.92%;--awb-spacing-left-medium:1.92%;--awb-width-small:100%;--awb-order-small:0;--awb-spacing-right-small:1.92%;--awb-spacing-left-small:1.92%;\"><div class=\"fusion-column-wrapper fusion-column-has-shadow fusion-flex-justify-content-flex-start fusion-content-layout-column\"><div class=\"fusion-text fusion-text-2\"><p>O desenvolvimento socioecon\u00f3mico humano est\u00e1 amea\u00e7ado em todo o mundo pela perda de biodiversidade e pela resili\u00eancia do ecossistema global em resultado das altera\u00e7\u00f5es globais. Alcan\u00e7ar a sustentabilidade assegurando a conserva\u00e7\u00e3o da biodiversidade e a presta\u00e7\u00e3o de servi\u00e7os ecossist\u00e9micos \u00e9, por conseguinte, de import\u00e2ncia primordial para as nossas sociedades, especialmente no atual contexto de altera\u00e7\u00f5es clim\u00e1ticas.<\/p>\n<p>A gest\u00e3o dos riscos exige a melhoria dos nossos conhecimentos sobre como, o qu\u00ea e onde devem ser aplicadas as solu\u00e7\u00f5es de adapta\u00e7\u00e3o e como as solu\u00e7\u00f5es baseadas na natureza podem ajudar-nos a maximizar a capacidade de regula\u00e7\u00e3o natural dos ecossistemas estuarinos, melhorando simultaneamente a conserva\u00e7\u00e3o da biodiversidade.<\/p>\n<h3>Por que motivo deve estudar este itiner\u00e1rio?<\/h3>\n<p>O programa de forma\u00e7\u00e3o dotar\u00e1 os estudantes das compet\u00eancias b\u00e1sicas para conceber e implementar iniciativas de Solu\u00e7\u00f5es Baseadas na Natureza (SbN) em estu\u00e1rios. Isto incluir\u00e1 forma\u00e7\u00e3o espec\u00edfica sobre princ\u00edpios-chave relacionados com os servi\u00e7os dos ecossistemas estuarinos, avalia\u00e7\u00f5es de risco e governa\u00e7\u00e3o.<\/p>\n<\/div><div class=\"fusion-text fusion-text-3\"><p>The itineraty consist of 3 online courses:<\/p>\n<\/div><\/div><\/div><div class=\"fusion-layout-column fusion_builder_column fusion-builder-column-3 fusion_builder_column_1_2 1_2 fusion-flex-column\" style=\"--awb-bg-size:cover;--awb-width-large:50%;--awb-margin-top-large:0px;--awb-spacing-right-large:3.84%;--awb-margin-bottom-large:20px;--awb-spacing-left-large:3.84%;--awb-width-medium:100%;--awb-order-medium:0;--awb-spacing-right-medium:1.92%;--awb-spacing-left-medium:1.92%;--awb-width-small:100%;--awb-order-small:0;--awb-spacing-right-small:1.92%;--awb-spacing-left-small:1.92%;\"><div class=\"fusion-column-wrapper fusion-column-has-shadow fusion-flex-justify-content-flex-start fusion-content-layout-column\"><div class=\"fusion-video fusion-vimeo\" style=\"--awb-max-width:600px;--awb-max-height:360px;\" data-autoplay=\"1\"><div class=\"video-shortcode\"><div class=\"fluid-width-video-wrapper\" style=\"padding-top:60%;\" ><iframe title=\"Vimeo video player 1\" src=\"https:\/\/player.vimeo.com\/video\/936642710?autoplay=1&amp;autopause=0\" width=\"600\" height=\"360\" allowfullscreen allow=\"autoplay; fullscreen\"><\/iframe><\/div><\/div><\/div><\/div><\/div><div class=\"fusion-layout-column fusion_builder_column fusion-builder-column-4 fusion_builder_column_1_5 1_5 fusion-flex-column fusion-column-inner-bg-wrapper\" style=\"--awb-inner-bg-color:#eaeaea;--awb-inner-bg-color-hover:#eaeaea;--awb-inner-bg-size:cover;--awb-border-color:#777777;--awb-border-top:1px;--awb-border-right:1px;--awb-border-bottom:1px;--awb-border-left:1px;--awb-border-style:solid;--awb-width-large:20%;--awb-margin-top-large:0px;--awb-spacing-right-large:9.6%;--awb-margin-bottom-large:20px;--awb-spacing-left-large:9.6%;--awb-width-medium:100%;--awb-order-medium:0;--awb-spacing-right-medium:1.92%;--awb-spacing-left-medium:1.92%;--awb-width-small:100%;--awb-order-small:0;--awb-spacing-right-small:1.92%;--awb-spacing-left-small:1.92%;\" data-scroll-devices=\"small-visibility,medium-visibility,large-visibility\"><span class=\"fusion-column-inner-bg hover-type-none\"><a class=\"fusion-column-anchor\" href=\"https:\/\/www.capacitacionihcantabria.com\/p\/adaptablues1\/\" rel=\"noopener noreferrer\" target=\"_blank\"><span class=\"fusion-column-inner-bg-image\"><\/span><\/a><\/span><div class=\"fusion-column-wrapper fusion-column-has-shadow fusion-flex-justify-content-flex-start fusion-content-layout-column\"><div class=\"fusion-image-element \" style=\"--awb-caption-title-font-family:var(--h2_typography-font-family);--awb-caption-title-font-weight:var(--h2_typography-font-weight);--awb-caption-title-font-style:var(--h2_typography-font-style);--awb-caption-title-size:var(--h2_typography-font-size);--awb-caption-title-transform:var(--h2_typography-text-transform);--awb-caption-title-line-height:var(--h2_typography-line-height);--awb-caption-title-letter-spacing:var(--h2_typography-letter-spacing);\"><span class=\" fusion-imageframe imageframe-none imageframe-1 hover-type-none\"><a class=\"fusion-no-lightbox\" href=\"https:\/\/www.capacitacionihcantabria.com\/p\/adaptablues1\/\" target=\"_blank\" aria-label=\"Wild cliffs and ocean in Llanes village\" rel=\"noopener noreferrer\"><img decoding=\"async\" width=\"2560\" height=\"1155\" src=\"https:\/\/lifeadaptablues.eu\/wp-content\/uploads\/2024\/04\/ADAPTA-MOOC-1-scaled.jpg\" alt class=\"img-responsive wp-image-1760\" srcset=\"https:\/\/lifeadaptablues.eu\/wp-content\/uploads\/2024\/04\/ADAPTA-MOOC-1-200x90.jpg 200w, https:\/\/lifeadaptablues.eu\/wp-content\/uploads\/2024\/04\/ADAPTA-MOOC-1-400x180.jpg 400w, https:\/\/lifeadaptablues.eu\/wp-content\/uploads\/2024\/04\/ADAPTA-MOOC-1-600x271.jpg 600w, https:\/\/lifeadaptablues.eu\/wp-content\/uploads\/2024\/04\/ADAPTA-MOOC-1-800x361.jpg 800w, https:\/\/lifeadaptablues.eu\/wp-content\/uploads\/2024\/04\/ADAPTA-MOOC-1-1200x541.jpg 1200w, https:\/\/lifeadaptablues.eu\/wp-content\/uploads\/2024\/04\/ADAPTA-MOOC-1-scaled.jpg 2560w\" sizes=\"(max-width: 1024px) 100vw, (max-width: 640px) 100vw, 200px\" \/><\/a><\/span><\/div><div class=\"fusion-text fusion-text-4 fusion-text-no-margin\" style=\"--awb-text-color:#000000;--awb-margin-top:2%;--awb-margin-right:2%;--awb-margin-bottom:2%;--awb-margin-left:2%;\"><p style=\"text-align: center;\"><strong>MOOC 1<\/strong><\/p>\n<p style=\"text-align: center;\">Climate change services provided by estuaries and estuarine ecosystems and quantification tools<\/p>\n<\/div><\/div><\/div><div class=\"fusion-layout-column fusion_builder_column fusion-builder-column-5 fusion_builder_column_1_5 1_5 fusion-flex-column fusion-column-inner-bg-wrapper\" style=\"--awb-inner-bg-color:#eaeaea;--awb-inner-bg-color-hover:#eaeaea;--awb-inner-bg-size:cover;--awb-border-color:#777777;--awb-border-top:1px;--awb-border-right:1px;--awb-border-bottom:1px;--awb-border-left:1px;--awb-border-style:solid;--awb-width-large:20%;--awb-margin-top-large:0px;--awb-spacing-right-large:9.6%;--awb-margin-bottom-large:20px;--awb-spacing-left-large:9.6%;--awb-width-medium:100%;--awb-order-medium:0;--awb-spacing-right-medium:1.92%;--awb-spacing-left-medium:1.92%;--awb-width-small:100%;--awb-order-small:0;--awb-spacing-right-small:1.92%;--awb-spacing-left-small:1.92%;\" data-scroll-devices=\"small-visibility,medium-visibility,large-visibility\"><span class=\"fusion-column-inner-bg hover-type-none\"><a class=\"fusion-column-anchor\" href=\"https:\/\/www.capacitacionihcantabria.com\/p\/adaptablues2\/\" rel=\"noopener noreferrer\" target=\"_blank\"><span class=\"fusion-column-inner-bg-image\"><\/span><\/a><\/span><div class=\"fusion-column-wrapper fusion-column-has-shadow fusion-flex-justify-content-flex-start fusion-content-layout-column\"><div class=\"fusion-image-element \" style=\"--awb-caption-title-font-family:var(--h2_typography-font-family);--awb-caption-title-font-weight:var(--h2_typography-font-weight);--awb-caption-title-font-style:var(--h2_typography-font-style);--awb-caption-title-size:var(--h2_typography-font-size);--awb-caption-title-transform:var(--h2_typography-text-transform);--awb-caption-title-line-height:var(--h2_typography-line-height);--awb-caption-title-letter-spacing:var(--h2_typography-letter-spacing);\"><span class=\" fusion-imageframe imageframe-none imageframe-2 hover-type-none\"><a class=\"fusion-no-lightbox\" href=\"https:\/\/www.capacitacionihcantabria.com\/p\/adaptablues2\/\" target=\"_blank\" aria-label=\"Wild cliffs and ocean in Llanes village\" rel=\"noopener noreferrer\"><img decoding=\"async\" width=\"2560\" height=\"1155\" src=\"https:\/\/lifeadaptablues.eu\/wp-content\/uploads\/2024\/04\/ADAPTA-MOOC-2-new-scaled.jpg\" alt class=\"img-responsive wp-image-1768\" srcset=\"https:\/\/lifeadaptablues.eu\/wp-content\/uploads\/2024\/04\/ADAPTA-MOOC-2-new-200x90.jpg 200w, https:\/\/lifeadaptablues.eu\/wp-content\/uploads\/2024\/04\/ADAPTA-MOOC-2-new-400x180.jpg 400w, https:\/\/lifeadaptablues.eu\/wp-content\/uploads\/2024\/04\/ADAPTA-MOOC-2-new-600x271.jpg 600w, https:\/\/lifeadaptablues.eu\/wp-content\/uploads\/2024\/04\/ADAPTA-MOOC-2-new-800x361.jpg 800w, https:\/\/lifeadaptablues.eu\/wp-content\/uploads\/2024\/04\/ADAPTA-MOOC-2-new-1200x541.jpg 1200w, https:\/\/lifeadaptablues.eu\/wp-content\/uploads\/2024\/04\/ADAPTA-MOOC-2-new-scaled.jpg 2560w\" sizes=\"(max-width: 1024px) 100vw, (max-width: 640px) 100vw, 200px\" \/><\/a><\/span><\/div><div class=\"fusion-text fusion-text-5 fusion-text-no-margin\" style=\"--awb-text-color:#000000;--awb-margin-top:2%;--awb-margin-right:2%;--awb-margin-bottom:2%;--awb-margin-left:2%;\"><p style=\"text-align: center;\"><strong>MOOC 2<\/strong><\/p>\n<p style=\"text-align: center;\">Climate change risk in coastal areas, and estuarine-based adaptation strategies<\/p>\n<\/div><\/div><\/div><div class=\"fusion-layout-column fusion_builder_column fusion-builder-column-6 fusion_builder_column_1_5 1_5 fusion-flex-column fusion-column-inner-bg-wrapper\" style=\"--awb-inner-bg-color:#eaeaea;--awb-inner-bg-color-hover:#eaeaea;--awb-inner-bg-size:cover;--awb-border-color:#777777;--awb-border-top:1px;--awb-border-right:1px;--awb-border-bottom:1px;--awb-border-left:1px;--awb-border-style:solid;--awb-width-large:20%;--awb-margin-top-large:0px;--awb-spacing-right-large:9.6%;--awb-margin-bottom-large:20px;--awb-spacing-left-large:9.6%;--awb-width-medium:100%;--awb-order-medium:0;--awb-spacing-right-medium:1.92%;--awb-spacing-left-medium:1.92%;--awb-width-small:100%;--awb-order-small:0;--awb-spacing-right-small:1.92%;--awb-spacing-left-small:1.92%;\" data-scroll-devices=\"small-visibility,medium-visibility,large-visibility\"><span class=\"fusion-column-inner-bg hover-type-none\"><a class=\"fusion-column-anchor\" href=\"https:\/\/www.capacitacionihcantabria.com\/adaptation-pathways-to-climate-change-through-management-and-restoration-of-estuarine-ecosystems\/\" rel=\"noopener noreferrer\" target=\"_blank\"><span class=\"fusion-column-inner-bg-image\"><\/span><\/a><\/span><div class=\"fusion-column-wrapper fusion-column-has-shadow fusion-flex-justify-content-flex-start fusion-content-layout-column\"><div class=\"fusion-image-element \" style=\"--awb-caption-title-font-family:var(--h2_typography-font-family);--awb-caption-title-font-weight:var(--h2_typography-font-weight);--awb-caption-title-font-style:var(--h2_typography-font-style);--awb-caption-title-size:var(--h2_typography-font-size);--awb-caption-title-transform:var(--h2_typography-text-transform);--awb-caption-title-line-height:var(--h2_typography-line-height);--awb-caption-title-letter-spacing:var(--h2_typography-letter-spacing);\"><span class=\" fusion-imageframe imageframe-none imageframe-3 hover-type-none\"><a class=\"fusion-no-lightbox\" href=\"https:\/\/www.capacitacionihcantabria.com\/p\/adaptablues3\/\" target=\"_blank\" aria-label=\"Golden coins in soil with young plant. Money growth concept.\" rel=\"noopener noreferrer\"><img decoding=\"async\" width=\"2560\" height=\"883\" src=\"https:\/\/lifeadaptablues.eu\/wp-content\/uploads\/2024\/04\/ab3-2-scaled.jpg\" alt class=\"img-responsive wp-image-1770\" srcset=\"https:\/\/lifeadaptablues.eu\/wp-content\/uploads\/2024\/04\/ab3-2-200x69.jpg 200w, https:\/\/lifeadaptablues.eu\/wp-content\/uploads\/2024\/04\/ab3-2-400x138.jpg 400w, https:\/\/lifeadaptablues.eu\/wp-content\/uploads\/2024\/04\/ab3-2-600x207.jpg 600w, https:\/\/lifeadaptablues.eu\/wp-content\/uploads\/2024\/04\/ab3-2-800x276.jpg 800w, https:\/\/lifeadaptablues.eu\/wp-content\/uploads\/2024\/04\/ab3-2-1200x414.jpg 1200w, https:\/\/lifeadaptablues.eu\/wp-content\/uploads\/2024\/04\/ab3-2-scaled.jpg 2560w\" sizes=\"(max-width: 1024px) 100vw, (max-width: 640px) 100vw, 200px\" \/><\/a><\/span><\/div><div class=\"fusion-text fusion-text-6 fusion-text-no-margin\" style=\"--awb-text-color:#000000;--awb-margin-top:2%;--awb-margin-right:2%;--awb-margin-bottom:2%;--awb-margin-left:2%;\"><p style=\"text-align: center;\"><strong>MOOC 3<\/strong><\/p>\n<p style=\"text-align: center;\">Financial tools to support estuaries restoration and conservation projects<\/p>\n<\/div><\/div><\/div><div class=\"fusion-layout-column fusion_builder_column fusion-builder-column-7 fusion_builder_column_1_5 1_5 fusion-flex-column fusion-column-inner-bg-wrapper\" style=\"--awb-inner-bg-color:#eaeaea;--awb-inner-bg-color-hover:#eaeaea;--awb-inner-bg-size:cover;--awb-border-color:#777777;--awb-border-top:1px;--awb-border-right:1px;--awb-border-bottom:1px;--awb-border-left:1px;--awb-border-style:solid;--awb-width-large:20%;--awb-margin-top-large:0px;--awb-spacing-right-large:9.6%;--awb-margin-bottom-large:20px;--awb-spacing-left-large:9.6%;--awb-width-medium:100%;--awb-order-medium:0;--awb-spacing-right-medium:1.92%;--awb-spacing-left-medium:1.92%;--awb-width-small:100%;--awb-order-small:0;--awb-spacing-right-small:1.92%;--awb-spacing-left-small:1.92%;\" data-scroll-devices=\"small-visibility,medium-visibility,large-visibility\"><span class=\"fusion-column-inner-bg hover-type-none\"><a class=\"fusion-column-anchor\" href=\"https:\/\/www.capacitacionihcantabria.com\/adaptation-pathways-to-climate-change-through-management-and-restoration-of-estuarine-ecosystems\/\" rel=\"noopener noreferrer\" target=\"_blank\"><span class=\"fusion-column-inner-bg-image\"><\/span><\/a><\/span><div class=\"fusion-column-wrapper fusion-column-has-shadow fusion-flex-justify-content-flex-start fusion-content-layout-column\"><div class=\"fusion-image-element \" style=\"--awb-caption-title-font-family:var(--h2_typography-font-family);--awb-caption-title-font-weight:var(--h2_typography-font-weight);--awb-caption-title-font-style:var(--h2_typography-font-style);--awb-caption-title-size:var(--h2_typography-font-size);--awb-caption-title-transform:var(--h2_typography-text-transform);--awb-caption-title-line-height:var(--h2_typography-line-height);--awb-caption-title-letter-spacing:var(--h2_typography-letter-spacing);\"><span class=\" fusion-imageframe imageframe-none imageframe-4 hover-type-none\"><a class=\"fusion-no-lightbox\" href=\"https:\/\/www.capacitacionihcantabria.com\/adaptation-pathways-to-climate-change-through-management-and-restoration-of-estuarine-ecosystems\/\" target=\"_blank\" aria-label=\"lifeadaptabluesestuarios\" rel=\"noopener noreferrer\"><img decoding=\"async\" width=\"1080\" height=\"1080\" src=\"https:\/\/lifeadaptablues.eu\/wp-content\/uploads\/2020\/02\/lifeadaptabluesestuarios.jpg\" alt class=\"img-responsive wp-image-706\" srcset=\"https:\/\/lifeadaptablues.eu\/wp-content\/uploads\/2020\/02\/lifeadaptabluesestuarios-200x200.jpg 200w, https:\/\/lifeadaptablues.eu\/wp-content\/uploads\/2020\/02\/lifeadaptabluesestuarios-400x400.jpg 400w, https:\/\/lifeadaptablues.eu\/wp-content\/uploads\/2020\/02\/lifeadaptabluesestuarios-600x600.jpg 600w, https:\/\/lifeadaptablues.eu\/wp-content\/uploads\/2020\/02\/lifeadaptabluesestuarios-800x800.jpg 800w, https:\/\/lifeadaptablues.eu\/wp-content\/uploads\/2020\/02\/lifeadaptabluesestuarios.jpg 1080w\" sizes=\"(max-width: 1024px) 100vw, (max-width: 640px) 100vw, 1080px\" \/><\/a><\/span><\/div><div class=\"fusion-text fusion-text-7 fusion-text-no-margin\" style=\"--awb-text-color:#000000;--awb-margin-top:2%;--awb-margin-right:2%;--awb-margin-bottom:2%;--awb-margin-left:2%;\"><p style=\"text-align: center;\"><strong>FULL INTINERARY<br \/>\n<\/strong><\/p>\n<\/div><\/div><\/div><div class=\"fusion-layout-column fusion_builder_column fusion-builder-column-8 fusion_builder_column_1_5 1_5 fusion-flex-column\" style=\"--awb-bg-color:#eaeaea;--awb-bg-color-hover:#eaeaea;--awb-bg-size:cover;--awb-border-color:#777777;--awb-border-top:1px;--awb-border-right:1px;--awb-border-bottom:1px;--awb-border-left:1px;--awb-border-style:solid;--awb-width-large:20%;--awb-margin-top-large:0px;--awb-spacing-right-large:9.6%;--awb-margin-bottom-large:20px;--awb-spacing-left-large:9.6%;--awb-width-medium:100%;--awb-order-medium:0;--awb-spacing-right-medium:1.92%;--awb-spacing-left-medium:1.92%;--awb-width-small:100%;--awb-order-small:0;--awb-spacing-right-small:1.92%;--awb-spacing-left-small:1.92%;\" data-scroll-devices=\"small-visibility,medium-visibility,large-visibility\"><div class=\"fusion-column-wrapper fusion-column-has-shadow fusion-flex-justify-content-flex-start fusion-content-layout-column\"><div class=\"fusion-image-element \" style=\"--awb-caption-title-font-family:var(--h2_typography-font-family);--awb-caption-title-font-weight:var(--h2_typography-font-weight);--awb-caption-title-font-style:var(--h2_typography-font-style);--awb-caption-title-size:var(--h2_typography-font-size);--awb-caption-title-transform:var(--h2_typography-text-transform);--awb-caption-title-line-height:var(--h2_typography-line-height);--awb-caption-title-letter-spacing:var(--h2_typography-letter-spacing);\"><span class=\" fusion-imageframe imageframe-none imageframe-5 hover-type-none\"><img decoding=\"async\" width=\"681\" height=\"447\" title=\"Captura de pantalla 2024-03-07 a las 13.13.09\" src=\"https:\/\/lifeadaptablues.eu\/wp-content\/uploads\/2024\/03\/Captura-de-pantalla-2024-03-07-a-las-13.13.09-1.png\" alt class=\"img-responsive wp-image-1711\" srcset=\"https:\/\/lifeadaptablues.eu\/wp-content\/uploads\/2024\/03\/Captura-de-pantalla-2024-03-07-a-las-13.13.09-1-200x131.png 200w, https:\/\/lifeadaptablues.eu\/wp-content\/uploads\/2024\/03\/Captura-de-pantalla-2024-03-07-a-las-13.13.09-1-400x263.png 400w, https:\/\/lifeadaptablues.eu\/wp-content\/uploads\/2024\/03\/Captura-de-pantalla-2024-03-07-a-las-13.13.09-1-600x394.png 600w, https:\/\/lifeadaptablues.eu\/wp-content\/uploads\/2024\/03\/Captura-de-pantalla-2024-03-07-a-las-13.13.09-1.png 681w\" sizes=\"(max-width: 1024px) 100vw, (max-width: 640px) 100vw, 200px\" \/><\/span><\/div><div class=\"fusion-text fusion-text-8 fusion-text-no-margin\" style=\"--awb-text-color:#000000;--awb-margin-top:2%;--awb-margin-right:2%;--awb-margin-bottom:2%;--awb-margin-left:2%;\"><p style=\"text-align: center;\"><strong>Final Live Course<br \/>\n<\/strong><\/p>\n<\/div><\/div><\/div><\/div><\/div><div class=\"fusion-fullwidth fullwidth-box fusion-builder-row-2 fusion-flex-container nonhundred-percent-fullwidth non-hundred-percent-height-scrolling\" style=\"--awb-border-radius-top-left:0px;--awb-border-radius-top-right:0px;--awb-border-radius-bottom-right:0px;--awb-border-radius-bottom-left:0px;--awb-flex-wrap:wrap;\" ><\/div><div class=\"fusion-builder-row fusion-row fusion-flex-align-items-flex-start fusion-flex-content-wrap\" style=\"max-width:1144px;margin-left: calc(-4% \/ 2 );margin-right: calc(-4% \/ 2 );\"><\/div><div class=\"fusion-layout-column fusion_builder_column fusion-builder-column-9 fusion_builder_column_1_1 1_1 fusion-one-full fusion-column-first fusion-column-last\" style=\"--awb-bg-size:cover;--awb-margin-bottom:0px;width:100%;\"><div class=\"fusion-column-wrapper fusion-flex-column-wrapper-legacy\"><div class=\"fusion-clearfix\"><\/div><\/div><\/div><div class=\"fusion-text fusion-text-9\"><\/div><\/p>\n","protected":false},"excerpt":{"rendered":"","protected":false},"author":2,"featured_media":0,"parent":0,"menu_order":0,"comment_status":"closed","ping_status":"closed","template":"100-width.php","meta":{"footnotes":""},"class_list":["post-1745","page","type-page","status-publish","hentry"],"_links":{"self":[{"href":"https:\/\/lifeadaptablues.eu\/pt\/wp-json\/wp\/v2\/pages\/1745","targetHints":{"allow":["GET"]}}],"collection":[{"href":"https:\/\/lifeadaptablues.eu\/pt\/wp-json\/wp\/v2\/pages"}],"about":[{"href":"https:\/\/lifeadaptablues.eu\/pt\/wp-json\/wp\/v2\/types\/page"}],"author":[{"embeddable":true,"href":"https:\/\/lifeadaptablues.eu\/pt\/wp-json\/wp\/v2\/users\/2"}],"replies":[{"embeddable":true,"href":"https:\/\/lifeadaptablues.eu\/pt\/wp-json\/wp\/v2\/comments?post=1745"}],"version-history":[{"count":42,"href":"https:\/\/lifeadaptablues.eu\/pt\/wp-json\/wp\/v2\/pages\/1745\/revisions"}],"predecessor-version":[{"id":1803,"href":"https:\/\/lifeadaptablues.eu\/pt\/wp-json\/wp\/v2\/pages\/1745\/revisions\/1803"}],"wp:attachment":[{"href":"https:\/\/lifeadaptablues.eu\/pt\/wp-json\/wp\/v2\/media?parent=1745"}],"curies":[{"name":"wp","href":"https:\/\/api.w.org\/{rel}","templated":true}]}}