{"id":162,"date":"2019-09-25T10:12:37","date_gmt":"2019-09-25T10:12:37","guid":{"rendered":"http:\/\/lifeadaptablues.eu\/?page_id=162"},"modified":"2020-01-20T16:41:28","modified_gmt":"2020-01-20T16:41:28","slug":"partners","status":"publish","type":"page","link":"https:\/\/lifeadaptablues.eu\/pt\/partners\/","title":{"rendered":"Parceiros"},"content":{"rendered":"<p><div class=\"fusion-fullwidth fullwidth-box fusion-builder-row-1 nonhundred-percent-fullwidth non-hundred-percent-height-scrolling\" style=\"--awb-border-radius-top-left:0px;--awb-border-radius-top-right:0px;--awb-border-radius-bottom-right:0px;--awb-border-radius-bottom-left:0px;--awb-flex-wrap:wrap;\" ><div class=\"fusion-builder-row fusion-row\"><div class=\"fusion-layout-column fusion_builder_column fusion-builder-column-0 fusion_builder_column_1_1 1_1 fusion-one-full fusion-column-first fusion-column-last\" style=\"--awb-bg-size:cover;\"><div class=\"fusion-column-wrapper fusion-column-has-shadow fusion-flex-column-wrapper-legacy\"><div class=\"fusion-title title fusion-title-1 fusion-sep-none fusion-title-text fusion-title-size-one\"><h1 class=\"fusion-title-heading title-heading-left\" style=\"margin:0;\"><h1 style=\"text-align: center;\">Parceiros<\/h1><\/h1><\/div><div class=\"fusion-text fusion-text-1\"><h3 style=\"text-align: center;\">LIFE ADAPTA BLUES \u00e9 um projecto Europeu que re\u00fane uma equipa internacional de parceiros. Aqui pode saber mais sobre eles.<\/h3>\n<\/div><div class=\"fusion-clearfix\"><\/div><\/div><\/div><\/div><\/div><div class=\"fusion-fullwidth fullwidth-box fusion-builder-row-2 nonhundred-percent-fullwidth non-hundred-percent-height-scrolling\" style=\"--awb-border-radius-top-left:0px;--awb-border-radius-top-right:0px;--awb-border-radius-bottom-right:0px;--awb-border-radius-bottom-left:0px;--awb-margin-top:5%;--awb-flex-wrap:wrap;\" ><div class=\"fusion-builder-row fusion-row\"><div class=\"fusion-layout-column fusion_builder_column fusion-builder-column-1 fusion_builder_column_1_3 1_3 fusion-one-third fusion-column-first\" style=\"--awb-bg-size:cover;width:33.333333333333%;width:calc(33.333333333333% - ( ( 4% ) * 0.33333333333333 ) );margin-right: 4%;\"><div class=\"fusion-column-wrapper fusion-column-has-shadow fusion-flex-column-wrapper-legacy\"><div class=\"fusion-image-element in-legacy-container\" style=\"--awb-caption-title-font-family:var(--h2_typography-font-family);--awb-caption-title-font-weight:var(--h2_typography-font-weight);--awb-caption-title-font-style:var(--h2_typography-font-style);--awb-caption-title-size:var(--h2_typography-font-size);--awb-caption-title-transform:var(--h2_typography-text-transform);--awb-caption-title-line-height:var(--h2_typography-line-height);--awb-caption-title-letter-spacing:var(--h2_typography-letter-spacing);\"><span class=\" fusion-imageframe imageframe-none imageframe-1 hover-type-none\"><a class=\"fusion-no-lightbox\" href=\"https:\/\/www.ihcantabria.com\/es\/\" target=\"_blank\" aria-label=\"IH Cantabria\" rel=\"noopener noreferrer\"><img decoding=\"async\" width=\"4138\" height=\"1709\" src=\"https:\/\/lifeadaptablues.eu\/wp-content\/uploads\/2019\/09\/IH-Cantabria.png\" alt class=\"img-responsive wp-image-178\" srcset=\"https:\/\/lifeadaptablues.eu\/wp-content\/uploads\/2019\/09\/IH-Cantabria-200x83.png 200w, https:\/\/lifeadaptablues.eu\/wp-content\/uploads\/2019\/09\/IH-Cantabria-400x165.png 400w, https:\/\/lifeadaptablues.eu\/wp-content\/uploads\/2019\/09\/IH-Cantabria-600x248.png 600w, https:\/\/lifeadaptablues.eu\/wp-content\/uploads\/2019\/09\/IH-Cantabria-800x330.png 800w, https:\/\/lifeadaptablues.eu\/wp-content\/uploads\/2019\/09\/IH-Cantabria-1200x496.png 1200w, https:\/\/lifeadaptablues.eu\/wp-content\/uploads\/2019\/09\/IH-Cantabria.png 4138w\" sizes=\"(max-width: 800px) 100vw, 400px\" \/><\/a><\/span><\/div><div class=\"fusion-clearfix\"><\/div><\/div><\/div><div class=\"fusion-layout-column fusion_builder_column fusion-builder-column-2 fusion_builder_column_2_3 2_3 fusion-two-third fusion-column-last\" style=\"--awb-bg-size:cover;width:66.666666666667%;width:calc(66.666666666667% - ( ( 4% ) * 0.66666666666667 ) );\"><div class=\"fusion-column-wrapper fusion-column-has-shadow fusion-flex-column-wrapper-legacy\"><div class=\"fusion-text fusion-text-2\"><p>O <strong>IHCantabria<\/strong> foi criado em 2007 como um centro de pesquisa administrado em conjunto pela Universidade da Cant\u00e1bria e pelo Governo da Cant\u00e1bria. Lidera a pesquisa de engenharia costeira e oce\u00e2nica em Espanha e participou em mais de<strong> 1000 projetos<\/strong> em 60 pa\u00edses diferentes. Re\u00fane mais de 140 investigadores e cientistas de diferentes disciplinas que abordam uma ampla variedade de desafios em <strong>engenharia costeira<\/strong> e <strong>gest\u00e3o ambiental<\/strong>. Entre os principais t\u00f3picos de investiga\u00e7\u00e3o est\u00e3o o estudo do <strong>clima mar\u00edtimo<\/strong>, o <strong>risco<\/strong> associado ao clima nas \u00e1reas costeiras, o papel dos ecossistemas costeiros como prote\u00e7\u00e3o costeira natural e sumidouros de carbono e o desenvolvimento de <strong>solu\u00e7\u00f5es baseadas na natureza<\/strong> para adapta\u00e7\u00e3o \u00e0s altera\u00e7\u00f5es clim\u00e1ticas nas \u00e1reas costeiras.<\/p>\n<\/div><div class=\"fusion-clearfix\"><\/div><\/div><\/div><div class=\"fusion-layout-column fusion_builder_column fusion-builder-column-3 fusion_builder_column_1_1 1_1 fusion-one-full fusion-column-first fusion-column-last\" style=\"--awb-bg-size:cover;\"><div class=\"fusion-column-wrapper fusion-column-has-shadow fusion-flex-column-wrapper-legacy\"><div class=\"fusion-sep-clear\"><\/div><div class=\"fusion-separator fusion-full-width-sep\" style=\"margin-left: auto;margin-right: auto;width:100%;\"><div class=\"fusion-separator-border sep-single sep-dotted\" style=\"--awb-height:20px;--awb-amount:20px;--awb-sep-color:#548cbe;border-color:#548cbe;border-top-width:3px;\"><\/div><\/div><div class=\"fusion-sep-clear\"><\/div><div class=\"fusion-clearfix\"><\/div><\/div><\/div><\/div><\/div><div class=\"fusion-fullwidth fullwidth-box fusion-builder-row-3 nonhundred-percent-fullwidth non-hundred-percent-height-scrolling\" style=\"--awb-border-radius-top-left:0px;--awb-border-radius-top-right:0px;--awb-border-radius-bottom-right:0px;--awb-border-radius-bottom-left:0px;--awb-margin-top:2%;--awb-flex-wrap:wrap;\" ><div class=\"fusion-builder-row fusion-row\"><div class=\"fusion-layout-column fusion_builder_column fusion-builder-column-4 fusion_builder_column_1_3 1_3 fusion-one-third fusion-column-first\" style=\"--awb-bg-size:cover;width:33.333333333333%;width:calc(33.333333333333% - ( ( 4% ) * 0.33333333333333 ) );margin-right: 4%;\"><div class=\"fusion-column-wrapper fusion-column-has-shadow fusion-flex-column-wrapper-legacy\"><div class=\"fusion-image-element in-legacy-container\" style=\"--awb-caption-title-font-family:var(--h2_typography-font-family);--awb-caption-title-font-weight:var(--h2_typography-font-weight);--awb-caption-title-font-style:var(--h2_typography-font-style);--awb-caption-title-size:var(--h2_typography-font-size);--awb-caption-title-transform:var(--h2_typography-text-transform);--awb-caption-title-line-height:var(--h2_typography-line-height);--awb-caption-title-letter-spacing:var(--h2_typography-letter-spacing);\"><span class=\" fusion-imageframe imageframe-none imageframe-2 hover-type-none\"><a class=\"fusion-no-lightbox\" href=\"https:\/\/www.ihcantabria.com\/es\/\" target=\"_blank\" aria-label=\"ipleiria2\" rel=\"noopener noreferrer\"><img decoding=\"async\" width=\"3334\" height=\"947\" src=\"https:\/\/lifeadaptablues.eu\/wp-content\/uploads\/2019\/09\/ipleiria2.png\" alt class=\"img-responsive wp-image-188\" srcset=\"https:\/\/lifeadaptablues.eu\/wp-content\/uploads\/2019\/09\/ipleiria2-200x57.png 200w, https:\/\/lifeadaptablues.eu\/wp-content\/uploads\/2019\/09\/ipleiria2-400x114.png 400w, https:\/\/lifeadaptablues.eu\/wp-content\/uploads\/2019\/09\/ipleiria2-600x170.png 600w, https:\/\/lifeadaptablues.eu\/wp-content\/uploads\/2019\/09\/ipleiria2-800x227.png 800w, https:\/\/lifeadaptablues.eu\/wp-content\/uploads\/2019\/09\/ipleiria2-1200x341.png 1200w, https:\/\/lifeadaptablues.eu\/wp-content\/uploads\/2019\/09\/ipleiria2.png 3334w\" sizes=\"(max-width: 800px) 100vw, 400px\" \/><\/a><\/span><\/div><div class=\"fusion-clearfix\"><\/div><\/div><\/div><div class=\"fusion-layout-column fusion_builder_column fusion-builder-column-5 fusion_builder_column_2_3 2_3 fusion-two-third fusion-column-last\" style=\"--awb-bg-size:cover;width:66.666666666667%;width:calc(66.666666666667% - ( ( 4% ) * 0.66666666666667 ) );\"><div class=\"fusion-column-wrapper fusion-column-has-shadow fusion-flex-column-wrapper-legacy\"><div class=\"fusion-text fusion-text-3\"><p>O <strong>Instituto Polit\u00e9cnico de Leiria<\/strong> \u00e9 uma institui\u00e7\u00e3o p\u00fablica de ensino superior que desenvolve a sua atividade desde 1980 no campo da educa\u00e7\u00e3o e investiga\u00e7\u00e3o, prestando diversos servi\u00e7os \u00e0 comunidade e estendendo a sua coopera\u00e7\u00e3o aos campos t\u00e9cnico e cultural. Os servi\u00e7os de apoio \u00e0 qualidade s\u00e3o assegurados por instala\u00e7\u00f5es modernas e bem equipadas, deslocadas pelas 5 escolas secund\u00e1rias instaladas em Leiria e na regi\u00e3o oeste, e por 1.250 colegas de trabalho, dos quais mais de 900 s\u00e3o professores (60% com doutorado). A Polit\u00e9cnica de Leiria est\u00e1 claramente orientada para a investiga\u00e7\u00e3o aplicada e para encontrar solu\u00e7\u00f5es para problemas espec\u00edficos da sociedade e dos neg\u00f3cios reais, fortemente ligados \u00e0s empresas, atrav\u00e9s da investiga\u00e7\u00e3o, desenvolvendo projetos ou prestando servi\u00e7os. Esse ecossistema de I&#038;D&#038;I inclui, entre outras, 5 escolas, 15 centros de I&#038;D&#038;I e 4 clusters de competitividade tecnol\u00f3gica (Cluster do Conhecimento e da Economia do Mar; Cluster AgroIndustrial do Centro &#8211; InovCluster; P\u00f3lo Engineering &#038; Tooling; P\u00f3lo TICE.PT).<\/p>\n<\/div><div class=\"fusion-clearfix\"><\/div><\/div><\/div><div class=\"fusion-layout-column fusion_builder_column fusion-builder-column-6 fusion_builder_column_1_1 1_1 fusion-one-full fusion-column-first fusion-column-last\" style=\"--awb-bg-size:cover;\"><div class=\"fusion-column-wrapper fusion-column-has-shadow fusion-flex-column-wrapper-legacy\"><div class=\"fusion-sep-clear\"><\/div><div class=\"fusion-separator fusion-full-width-sep\" style=\"margin-left: auto;margin-right: auto;width:100%;\"><div class=\"fusion-separator-border sep-single sep-dotted\" style=\"--awb-height:20px;--awb-amount:20px;--awb-sep-color:#548cbe;border-color:#548cbe;border-top-width:3px;\"><\/div><\/div><div class=\"fusion-sep-clear\"><\/div><div class=\"fusion-clearfix\"><\/div><\/div><\/div><\/div><\/div><div class=\"fusion-fullwidth fullwidth-box fusion-builder-row-4 nonhundred-percent-fullwidth non-hundred-percent-height-scrolling\" style=\"--awb-border-radius-top-left:0px;--awb-border-radius-top-right:0px;--awb-border-radius-bottom-right:0px;--awb-border-radius-bottom-left:0px;--awb-margin-top:2%;--awb-flex-wrap:wrap;\" ><div class=\"fusion-builder-row fusion-row\"><div class=\"fusion-layout-column fusion_builder_column fusion-builder-column-7 fusion_builder_column_1_3 1_3 fusion-one-third fusion-column-first\" style=\"--awb-bg-size:cover;width:33.333333333333%;width:calc(33.333333333333% - ( ( 4% ) * 0.33333333333333 ) );margin-right: 4%;\"><div class=\"fusion-column-wrapper fusion-column-has-shadow fusion-flex-column-wrapper-legacy\"><div class=\"fusion-image-element in-legacy-container\" style=\"--awb-caption-title-font-family:var(--h2_typography-font-family);--awb-caption-title-font-weight:var(--h2_typography-font-weight);--awb-caption-title-font-style:var(--h2_typography-font-style);--awb-caption-title-size:var(--h2_typography-font-size);--awb-caption-title-transform:var(--h2_typography-text-transform);--awb-caption-title-line-height:var(--h2_typography-line-height);--awb-caption-title-letter-spacing:var(--h2_typography-letter-spacing);\"><span class=\" fusion-imageframe imageframe-none imageframe-3 hover-type-none\"><a class=\"fusion-no-lightbox\" href=\"http:\/\/www.centerofportugal.com\/es\/figueira-da-foz\/\" target=\"_blank\" aria-label=\"Marca preto\" rel=\"noopener noreferrer\"><img decoding=\"async\" width=\"2506\" height=\"1210\" src=\"https:\/\/lifeadaptablues.eu\/wp-content\/uploads\/2019\/09\/Marca-preto-e1569408568481.png\" alt class=\"img-responsive wp-image-191\" srcset=\"https:\/\/lifeadaptablues.eu\/wp-content\/uploads\/2019\/09\/Marca-preto-e1569408568481-200x97.png 200w, https:\/\/lifeadaptablues.eu\/wp-content\/uploads\/2019\/09\/Marca-preto-e1569408568481-400x193.png 400w, https:\/\/lifeadaptablues.eu\/wp-content\/uploads\/2019\/09\/Marca-preto-e1569408568481-600x290.png 600w, https:\/\/lifeadaptablues.eu\/wp-content\/uploads\/2019\/09\/Marca-preto-e1569408568481-800x386.png 800w, https:\/\/lifeadaptablues.eu\/wp-content\/uploads\/2019\/09\/Marca-preto-e1569408568481-1200x579.png 1200w, https:\/\/lifeadaptablues.eu\/wp-content\/uploads\/2019\/09\/Marca-preto-e1569408568481.png 2506w\" sizes=\"(max-width: 800px) 100vw, 2506px\" \/><\/a><\/span><\/div><div class=\"fusion-clearfix\"><\/div><\/div><\/div><div class=\"fusion-layout-column fusion_builder_column fusion-builder-column-8 fusion_builder_column_2_3 2_3 fusion-two-third fusion-column-last\" style=\"--awb-bg-size:cover;width:66.666666666667%;width:calc(66.666666666667% - ( ( 4% ) * 0.66666666666667 ) );\"><div class=\"fusion-column-wrapper fusion-column-has-shadow fusion-flex-column-wrapper-legacy\"><div class=\"fusion-text fusion-text-4\"><p>A C\u00e2mara Municipal da <strong>Figueira da Foz<\/strong> (CMFF) possui 10 das 14 freguesias administrativas de frente para o mar ou para o estu\u00e1rio do Mondego. Isto ilustra o <strong>alto risco de inunda\u00e7\u00e3o<\/strong> associado ao territ\u00f3rio e a import\u00e2ncia que os resultados alcan\u00e7ados pelo projeto podem representar no futuro. A Figueira da Foz possui v\u00e1rios anos de <strong>experi\u00eancia em atividades de coopera\u00e7\u00e3o<\/strong>. No dom\u00ednio das <strong>altera\u00e7\u00f5es clim\u00e1ticas<\/strong>, executa projetos financiados como benefici\u00e1rio \u00fanico ou como parte de uma parceria regional ou nacional. Por exemplo, o munic\u00edpio elaborou uma <strong>Estrat\u00e9gia Municipal para a Adapta\u00e7\u00e3o \u00e0s Altera\u00e7\u00f5es Clim\u00e1ticas<\/strong> no \u00e2mbito de um projeto nacional (ClimAdaPT.Local) com representantes de organiza\u00e7\u00f5es locais, empresas e cidad\u00e3os. O ClimCiv aborda uma quest\u00e3o importante na qual de ser fomentada a cidadania europeia:<strong> as estrat\u00e9gias e pol\u00edticas de adapta\u00e7\u00e3o<\/strong> \u00e0s altera\u00e7\u00f5es clim\u00e1ticas, para antecipar melhor os efeitos adversos das altera\u00e7\u00f5es clim\u00e1ticas e prevenir ou minimizar os seus danos.<\/p>\n<\/div><div class=\"fusion-clearfix\"><\/div><\/div><\/div><div class=\"fusion-layout-column fusion_builder_column fusion-builder-column-9 fusion_builder_column_1_1 1_1 fusion-one-full fusion-column-first fusion-column-last\" style=\"--awb-bg-size:cover;\"><div class=\"fusion-column-wrapper fusion-column-has-shadow fusion-flex-column-wrapper-legacy\"><div class=\"fusion-sep-clear\"><\/div><div class=\"fusion-separator fusion-full-width-sep\" style=\"margin-left: auto;margin-right: auto;width:100%;\"><div class=\"fusion-separator-border sep-single sep-dotted\" style=\"--awb-height:20px;--awb-amount:20px;--awb-sep-color:#548cbe;border-color:#548cbe;border-top-width:3px;\"><\/div><\/div><div class=\"fusion-sep-clear\"><\/div><div class=\"fusion-clearfix\"><\/div><\/div><\/div><\/div><\/div><div class=\"fusion-fullwidth fullwidth-box fusion-builder-row-5 nonhundred-percent-fullwidth non-hundred-percent-height-scrolling\" style=\"--awb-border-radius-top-left:0px;--awb-border-radius-top-right:0px;--awb-border-radius-bottom-right:0px;--awb-border-radius-bottom-left:0px;--awb-margin-top:2%;--awb-flex-wrap:wrap;\" ><div class=\"fusion-builder-row fusion-row\"><div class=\"fusion-layout-column fusion_builder_column fusion-builder-column-10 fusion_builder_column_1_3 1_3 fusion-one-third fusion-column-first\" style=\"--awb-bg-size:cover;width:33.333333333333%;width:calc(33.333333333333% - ( ( 4% ) * 0.33333333333333 ) );margin-right: 4%;\"><div class=\"fusion-column-wrapper fusion-column-has-shadow fusion-flex-column-wrapper-legacy\"><div class=\"fusion-image-element in-legacy-container\" style=\"--awb-caption-title-font-family:var(--h2_typography-font-family);--awb-caption-title-font-weight:var(--h2_typography-font-weight);--awb-caption-title-font-style:var(--h2_typography-font-style);--awb-caption-title-size:var(--h2_typography-font-size);--awb-caption-title-transform:var(--h2_typography-text-transform);--awb-caption-title-line-height:var(--h2_typography-line-height);--awb-caption-title-letter-spacing:var(--h2_typography-letter-spacing);\"><span class=\" fusion-imageframe imageframe-none imageframe-4 hover-type-none\"><a class=\"fusion-no-lightbox\" href=\"https:\/\/www.nature.org\/en-us\/\" target=\"_blank\" aria-label=\"TNClogoPrimary_OU_CMYK_Europe\" rel=\"noopener noreferrer\"><img decoding=\"async\" width=\"525\" height=\"200\" src=\"https:\/\/lifeadaptablues.eu\/wp-content\/uploads\/2020\/01\/TNClogoPrimary_OU_CMYK_Europe-e1579537993456.png\" alt class=\"img-responsive wp-image-650\"\/><\/a><\/span><\/div><div class=\"fusion-clearfix\"><\/div><\/div><\/div><div class=\"fusion-layout-column fusion_builder_column fusion-builder-column-11 fusion_builder_column_2_3 2_3 fusion-two-third fusion-column-last\" style=\"--awb-bg-size:cover;width:66.666666666667%;width:calc(66.666666666667% - ( ( 4% ) * 0.66666666666667 ) );\"><div class=\"fusion-column-wrapper fusion-column-has-shadow fusion-flex-column-wrapper-legacy\"><div class=\"fusion-text fusion-text-5\"><p>A <strong>The Nature Conservancy<\/strong> \u00e9 uma organiza\u00e7\u00e3o ambiental n\u00e3o-lucrativa com sede em Arlington, Virginia, Estados Unidos. Fundada em 1951, a The Nature Conservancy tem <strong>mais de um milh\u00e3o de membros<\/strong>, <strong>4000 funcion\u00e1rios<\/strong> e opera em mais de <strong>70 pa\u00edses<\/strong> em todo o mundo, protegendo mais de <strong>119 milh\u00f5es hectares de terra<\/strong> e <strong>milhares de quil\u00f3metros de rios<\/strong> em todo o mundo. A TNC opera na Europa desde 2008 e atualmente possui escrit\u00f3rios em Berlim, Bruxelas e Londres, com cerca de 30 funcion\u00e1rios. As nossas estrat\u00e9gias permanecem fundamentadas em <strong>ci\u00eancia s\u00f3lida<\/strong>, que mostra que, para levar a sociedade em geral a um caminho de conserva\u00e7\u00e3o, precisamos de concentrar-nos na p<strong>rote\u00e7\u00e3o de terras e \u00e1guas<\/strong> das quais toda a vida depende; <strong>combater as altera\u00e7\u00f5es clim\u00e1ticas<\/strong>; <strong>fornecer comida e \u00e1gua de maneira sustent\u00e1vel<\/strong>, construir <strong>cidades saud\u00e1veis<\/strong> e <strong>conectar pessoas e natureza<\/strong>. Estas \u00e1reas focais formam as prioridades da agenda de conserva\u00e7\u00e3o compartilhada da TNC.<\/p>\n<\/div><div class=\"fusion-clearfix\"><\/div><\/div><\/div><div class=\"fusion-layout-column fusion_builder_column fusion-builder-column-12 fusion_builder_column_1_1 1_1 fusion-one-full fusion-column-first fusion-column-last\" style=\"--awb-bg-size:cover;\"><div class=\"fusion-column-wrapper fusion-column-has-shadow fusion-flex-column-wrapper-legacy\"><div class=\"fusion-clearfix\"><\/div><\/div><\/div><\/div><\/div><\/p>\n","protected":false},"excerpt":{"rendered":"","protected":false},"author":2,"featured_media":0,"parent":0,"menu_order":0,"comment_status":"closed","ping_status":"closed","template":"","meta":{"footnotes":""},"class_list":["post-162","page","type-page","status-publish","hentry"],"_links":{"self":[{"href":"https:\/\/lifeadaptablues.eu\/pt\/wp-json\/wp\/v2\/pages\/162","targetHints":{"allow":["GET"]}}],"collection":[{"href":"https:\/\/lifeadaptablues.eu\/pt\/wp-json\/wp\/v2\/pages"}],"about":[{"href":"https:\/\/lifeadaptablues.eu\/pt\/wp-json\/wp\/v2\/types\/page"}],"author":[{"embeddable":true,"href":"https:\/\/lifeadaptablues.eu\/pt\/wp-json\/wp\/v2\/users\/2"}],"replies":[{"embeddable":true,"href":"https:\/\/lifeadaptablues.eu\/pt\/wp-json\/wp\/v2\/comments?post=162"}],"version-history":[{"count":47,"href":"https:\/\/lifeadaptablues.eu\/pt\/wp-json\/wp\/v2\/pages\/162\/revisions"}],"predecessor-version":[{"id":662,"href":"https:\/\/lifeadaptablues.eu\/pt\/wp-json\/wp\/v2\/pages\/162\/revisions\/662"}],"wp:attachment":[{"href":"https:\/\/lifeadaptablues.eu\/pt\/wp-json\/wp\/v2\/media?parent=162"}],"curies":[{"name":"wp","href":"https:\/\/api.w.org\/{rel}","templated":true}]}}