{"id":753,"date":"2020-04-28T11:26:17","date_gmt":"2020-04-28T11:26:17","guid":{"rendered":"https:\/\/lifeadaptablues.eu\/es\/?page_id=753"},"modified":"2024-03-12T09:40:00","modified_gmt":"2024-03-12T09:40:00","slug":"blog","status":"publish","type":"page","link":"https:\/\/lifeadaptablues.eu\/es\/blog\/","title":{"rendered":"Blog"},"content":{"rendered":"<p><div class=\"fusion-fullwidth fullwidth-box fusion-builder-row-1 nonhundred-percent-fullwidth non-hundred-percent-height-scrolling\" style=\"--awb-border-radius-top-left:0px;--awb-border-radius-top-right:0px;--awb-border-radius-bottom-right:0px;--awb-border-radius-bottom-left:0px;--awb-flex-wrap:wrap;\" ><div class=\"fusion-builder-row fusion-row\"><div class=\"fusion-layout-column fusion_builder_column fusion-builder-column-0 fusion_builder_column_1_1 1_1 fusion-one-full fusion-column-first fusion-column-last\" style=\"--awb-bg-size:cover;\"><div class=\"fusion-column-wrapper fusion-column-has-shadow fusion-flex-column-wrapper-legacy\"><div class=\"fusion-title title fusion-title-1 fusion-sep-none fusion-title-text fusion-title-size-one\"><h1 class=\"fusion-title-heading title-heading-left\" style=\"margin:0;\">Blog de proyecto<\/h1><\/div><div class=\"fusion-text fusion-text-1\"><\/div><div class=\"fusion-clearfix\"><\/div><\/div><\/div><\/div><\/div><div class=\"fusion-fullwidth fullwidth-box fusion-builder-row-2 nonhundred-percent-fullwidth non-hundred-percent-height-scrolling\" style=\"--awb-border-radius-top-left:0px;--awb-border-radius-top-right:0px;--awb-border-radius-bottom-right:0px;--awb-border-radius-bottom-left:0px;--awb-flex-wrap:wrap;\" ><div class=\"fusion-builder-row fusion-row\"><div class=\"fusion-layout-column fusion_builder_column fusion-builder-column-1 fusion_builder_column_3_4 3_4 fusion-three-fourth fusion-column-first\" style=\"--awb-bg-size:cover;width:75%;width:calc(75% - ( ( 4% ) * 0.75 ) );margin-right: 4%;\"><div class=\"fusion-column-wrapper fusion-column-has-shadow fusion-flex-column-wrapper-legacy\"><div class=\"fusion-blog-shortcode fusion-blog-shortcode-1 fusion-blog-archive fusion-blog-layout-large-alternate fusion-blog-pagination fusion-blog-no-images\"><div class=\"fusion-posts-container fusion-posts-container-pagination\" data-pages=\"1\"><article id=\"blog-1-post-1787\" class=\"fusion-post-large-alternate post-1787 post type-post status-publish format-standard hentry category-guest-blogger\">\n<div class=\"fusion-date-and-formats\"><div class=\"fusion-date-box updated\"><span class=\"fusion-date\">29<\/span><span class=\"fusion-month-year\">04, 2024<\/span><\/div><div class=\"fusion-format-box\"><i class=\"awb-icon-pen\" aria-hidden=\"true\"><\/i><\/div><\/div><div class=\"fusion-post-content post-content\"><h2 class=\"blog-shortcode-post-title entry-title\"><a href=\"https:\/\/lifeadaptablues.eu\/es\/raising-awareness-for-the-restoration-of-estuarine-systems-a-vital-step-for-climate-resilience\/\">Raising Awareness for the Restoration of Estuarine Systems: A Vital Step for Climate Resilience<\/a><\/h2><p class=\"fusion-single-line-meta\">By <span class=\"vcard\"><span class=\"fn\"><a href=\"https:\/\/lifeadaptablues.eu\/es\/author\/comunicacion-ihcantabria\/\" title=\"Entradas de Comunicaci\u00f3n IHCantabria\" rel=\"author\">Comunicaci\u00f3n IHCantabria<\/a><\/span><\/span><span class=\"fusion-inline-sep\">|<\/span><span class=\"updated\" style=\"display:none;\">2024-04-29T14:36:56+00:00<\/span><span>abril 29th, 2024<\/span><span class=\"fusion-inline-sep\">|<\/span>Categories: <a href=\"https:\/\/lifeadaptablues.eu\/es\/category\/guest-blogger\/\" rel=\"category tag\">Guest Blogger<\/a><span class=\"fusion-inline-sep\">|<\/span><span class=\"fusion-comments\"><span>Comentarios desactivados<span class=\"screen-reader-text\"> en Raising Awareness for the Restoration of Estuarine Systems: A Vital Step for Climate Resilience<\/span><\/span><\/span><\/p><div class=\"fusion-post-content-container\"><p> Estuaries, where rivers meet the sea, are among the [...]<\/p><\/div><\/div><div class=\"fusion-clearfix\"><\/div><div class=\"fusion-meta-info\"><div class=\"fusion-alignright\"><a class=\"fusion-read-more\" href=\"https:\/\/lifeadaptablues.eu\/es\/raising-awareness-for-the-restoration-of-estuarine-systems-a-vital-step-for-climate-resilience\/\" aria-label=\"More on Raising Awareness for the Restoration of Estuarine Systems: A Vital Step for Climate Resilience\">Read More<\/a><\/div><\/div><\/article>\n<article id=\"blog-1-post-1355\" class=\"fusion-post-large-alternate post-1355 post type-post status-publish format-standard hentry category-guest-blogger\">\n<div class=\"fusion-date-and-formats\"><div class=\"fusion-date-box updated\"><span class=\"fusion-date\">7<\/span><span class=\"fusion-month-year\">01, 2023<\/span><\/div><div class=\"fusion-format-box\"><i class=\"awb-icon-pen\" aria-hidden=\"true\"><\/i><\/div><\/div><div class=\"fusion-post-content post-content\"><h2 class=\"blog-shortcode-post-title entry-title\"><a href=\"https:\/\/lifeadaptablues.eu\/es\/dissemination-as-a-key-factor-of-research-projects\/\">DISSEMINATION AS A KEY FACTOR OF RESEARCH PROJECTS<\/a><\/h2><p class=\"fusion-single-line-meta\">By <span class=\"vcard\"><span class=\"fn\"><a href=\"https:\/\/lifeadaptablues.eu\/es\/author\/comunicacion-ihcantabria\/\" title=\"Entradas de Comunicaci\u00f3n IHCantabria\" rel=\"author\">Comunicaci\u00f3n IHCantabria<\/a><\/span><\/span><span class=\"fusion-inline-sep\">|<\/span><span class=\"updated\" style=\"display:none;\">2023-02-08T16:21:47+00:00<\/span><span>enero 7th, 2023<\/span><span class=\"fusion-inline-sep\">|<\/span>Categories: <a href=\"https:\/\/lifeadaptablues.eu\/es\/category\/guest-blogger\/\" rel=\"category tag\">Guest Blogger<\/a><span class=\"fusion-inline-sep\">|<\/span><span class=\"fusion-comments\"><span>Comentarios desactivados<span class=\"screen-reader-text\"> en DISSEMINATION AS A KEY FACTOR OF RESEARCH PROJECTS<\/span><\/span><\/span><\/p><div class=\"fusion-post-content-container\"><p> Dissemination is the process of sharing the results of [...]<\/p><\/div><\/div><div class=\"fusion-clearfix\"><\/div><div class=\"fusion-meta-info\"><div class=\"fusion-alignright\"><a class=\"fusion-read-more\" href=\"https:\/\/lifeadaptablues.eu\/es\/dissemination-as-a-key-factor-of-research-projects\/\" aria-label=\"More on DISSEMINATION AS A KEY FACTOR OF RESEARCH PROJECTS\">Read More<\/a><\/div><\/div><\/article>\n<article id=\"blog-1-post-1392\" class=\"fusion-post-large-alternate post-1392 post type-post status-publish format-standard hentry category-guest-blogger\">\n<div class=\"fusion-date-and-formats\"><div class=\"fusion-date-box updated\"><span class=\"fusion-date\">8<\/span><span class=\"fusion-month-year\">12, 2022<\/span><\/div><div class=\"fusion-format-box\"><i class=\"awb-icon-pen\" aria-hidden=\"true\"><\/i><\/div><\/div><div class=\"fusion-post-content post-content\"><h2 class=\"blog-shortcode-post-title entry-title\"><a href=\"https:\/\/lifeadaptablues.eu\/es\/que-va-a-pasar-con-el-clima-en-el-futuro\/\">\u00bfQu\u00e9 va a pasar con el clima en el futuro?<\/a><\/h2><p class=\"fusion-single-line-meta\">By <span class=\"vcard\"><span class=\"fn\"><a href=\"https:\/\/lifeadaptablues.eu\/es\/author\/comunicacion-ihcantabria\/\" title=\"Entradas de Comunicaci\u00f3n IHCantabria\" rel=\"author\">Comunicaci\u00f3n IHCantabria<\/a><\/span><\/span><span class=\"fusion-inline-sep\">|<\/span><span class=\"updated\" style=\"display:none;\">2023-02-08T16:30:41+00:00<\/span><span>diciembre 8th, 2022<\/span><span class=\"fusion-inline-sep\">|<\/span>Categories: <a href=\"https:\/\/lifeadaptablues.eu\/es\/category\/guest-blogger\/\" rel=\"category tag\">Guest Blogger<\/a><span class=\"fusion-inline-sep\">|<\/span><span class=\"fusion-comments\"><span>Comentarios desactivados<span class=\"screen-reader-text\"> en \u00bfQu\u00e9 va a pasar con el clima en el futuro?<\/span><\/span><\/span><\/p><div class=\"fusion-post-content-container\"><p> Conocer lo que podr\u00eda pasar con el clima en [...]<\/p><\/div><\/div><div class=\"fusion-clearfix\"><\/div><div class=\"fusion-meta-info\"><div class=\"fusion-alignright\"><a class=\"fusion-read-more\" href=\"https:\/\/lifeadaptablues.eu\/es\/que-va-a-pasar-con-el-clima-en-el-futuro\/\" aria-label=\"More on \u00bfQu\u00e9 va a pasar con el clima en el futuro?\">Read More<\/a><\/div><\/div><\/article>\n<article id=\"blog-1-post-1391\" class=\"fusion-post-large-alternate post-1391 post type-post status-publish format-standard has-post-thumbnail hentry category-guest-blogger\">\n<div class=\"fusion-date-and-formats\"><div class=\"fusion-date-box updated\"><span class=\"fusion-date\">8<\/span><span class=\"fusion-month-year\">12, 2022<\/span><\/div><div class=\"fusion-format-box\"><i class=\"awb-icon-pen\" aria-hidden=\"true\"><\/i><\/div><\/div><div class=\"fusion-post-content post-content\"><h2 class=\"blog-shortcode-post-title entry-title\"><a href=\"https:\/\/lifeadaptablues.eu\/es\/esta-cambiando-el-clima-en-la-actualidad\/\">\u00bfEst\u00e1 cambiando el clima en la actualidad?<\/a><\/h2><p class=\"fusion-single-line-meta\">By <span class=\"vcard\"><span class=\"fn\"><a href=\"https:\/\/lifeadaptablues.eu\/es\/author\/comunicacion-ihcantabria\/\" title=\"Entradas de Comunicaci\u00f3n IHCantabria\" rel=\"author\">Comunicaci\u00f3n IHCantabria<\/a><\/span><\/span><span class=\"fusion-inline-sep\">|<\/span><span class=\"updated\" style=\"display:none;\">2023-02-08T16:37:54+00:00<\/span><span>diciembre 8th, 2022<\/span><span class=\"fusion-inline-sep\">|<\/span>Categories: <a href=\"https:\/\/lifeadaptablues.eu\/es\/category\/guest-blogger\/\" rel=\"category tag\">Guest Blogger<\/a><span class=\"fusion-inline-sep\">|<\/span><span class=\"fusion-comments\"><span>Comentarios desactivados<span class=\"screen-reader-text\"> en \u00bfEst\u00e1 cambiando el clima en la actualidad?<\/span><\/span><\/span><\/p><div class=\"fusion-post-content-container\"><p> Las estaciones meteorol\u00f3gicas registran a lo largo del tiempo [...]<\/p><\/div><\/div><div class=\"fusion-clearfix\"><\/div><div class=\"fusion-meta-info\"><div class=\"fusion-alignright\"><a class=\"fusion-read-more\" href=\"https:\/\/lifeadaptablues.eu\/es\/esta-cambiando-el-clima-en-la-actualidad\/\" aria-label=\"More on \u00bfEst\u00e1 cambiando el clima en la actualidad?\">Read More<\/a><\/div><\/div><\/article>\n<article id=\"blog-1-post-1384\" class=\"fusion-post-large-alternate post-1384 post type-post status-publish format-standard hentry category-guest-blogger\">\n<div class=\"fusion-date-and-formats\"><div class=\"fusion-date-box updated\"><span class=\"fusion-date\">8<\/span><span class=\"fusion-month-year\">12, 2022<\/span><\/div><div class=\"fusion-format-box\"><i class=\"awb-icon-pen\" aria-hidden=\"true\"><\/i><\/div><\/div><div class=\"fusion-post-content post-content\"><h2 class=\"blog-shortcode-post-title entry-title\"><a href=\"https:\/\/lifeadaptablues.eu\/es\/ha-cambiado-en-los-ultimos-milenios-el-clima-de-la-tierra\/\">\u00bfHa cambiado en los \u00faltimos milenios el clima de la Tierra?<\/a><\/h2><p class=\"fusion-single-line-meta\">By <span class=\"vcard\"><span class=\"fn\"><a href=\"https:\/\/lifeadaptablues.eu\/es\/author\/comunicacion-ihcantabria\/\" title=\"Entradas de Comunicaci\u00f3n IHCantabria\" rel=\"author\">Comunicaci\u00f3n IHCantabria<\/a><\/span><\/span><span class=\"fusion-inline-sep\">|<\/span><span class=\"updated\" style=\"display:none;\">2023-02-08T16:40:23+00:00<\/span><span>diciembre 8th, 2022<\/span><span class=\"fusion-inline-sep\">|<\/span>Categories: <a href=\"https:\/\/lifeadaptablues.eu\/es\/category\/guest-blogger\/\" rel=\"category tag\">Guest Blogger<\/a><span class=\"fusion-inline-sep\">|<\/span><span class=\"fusion-comments\"><span>Comentarios desactivados<span class=\"screen-reader-text\"> en \u00bfHa cambiado en los \u00faltimos milenios el clima de la Tierra?<\/span><\/span><\/span><\/p><div class=\"fusion-post-content-container\"><p> Los cambios clim\u00e1ticos en los \u00faltimos 2000 a\u00f1os pueden [...]<\/p><\/div><\/div><div class=\"fusion-clearfix\"><\/div><div class=\"fusion-meta-info\"><div class=\"fusion-alignright\"><a class=\"fusion-read-more\" href=\"https:\/\/lifeadaptablues.eu\/es\/ha-cambiado-en-los-ultimos-milenios-el-clima-de-la-tierra\/\" aria-label=\"More on \u00bfHa cambiado en los \u00faltimos milenios el clima de la Tierra?\">Read More<\/a><\/div><\/div><\/article>\n<\/div><\/div><div class=\"fusion-clearfix\"><\/div><\/div><\/div><div class=\"fusion-layout-column fusion_builder_column fusion-builder-column-2 fusion_builder_column_1_4 1_4 fusion-one-fourth fusion-column-last\" style=\"--awb-bg-size:cover;width:25%;width:calc(25% - ( ( 4% ) * 0.25 ) );\"><div class=\"fusion-column-wrapper fusion-column-has-shadow fusion-flex-column-wrapper-legacy\"><div class=\"fusion-title title fusion-title-2 fusion-sep-none fusion-title-text fusion-title-size-one\"><h1 class=\"fusion-title-heading title-heading-left\" style=\"margin:0;\">Want to collaborate with the blog?<\/h1><\/div><div class=\"fusion-text fusion-text-2\"><p>Do you want to collaborate with the blog? please contact with us for details!<\/p>\n<\/div><div class=\"fusion-clearfix\"><\/div><\/div><\/div><\/div><\/div><\/p>\n","protected":false},"excerpt":{"rendered":"","protected":false},"author":2,"featured_media":0,"parent":0,"menu_order":0,"comment_status":"closed","ping_status":"closed","template":"","meta":{"footnotes":""},"class_list":["post-753","page","type-page","status-publish","hentry"],"_links":{"self":[{"href":"https:\/\/lifeadaptablues.eu\/es\/wp-json\/wp\/v2\/pages\/753","targetHints":{"allow":["GET"]}}],"collection":[{"href":"https:\/\/lifeadaptablues.eu\/es\/wp-json\/wp\/v2\/pages"}],"about":[{"href":"https:\/\/lifeadaptablues.eu\/es\/wp-json\/wp\/v2\/types\/page"}],"author":[{"embeddable":true,"href":"https:\/\/lifeadaptablues.eu\/es\/wp-json\/wp\/v2\/users\/2"}],"replies":[{"embeddable":true,"href":"https:\/\/lifeadaptablues.eu\/es\/wp-json\/wp\/v2\/comments?post=753"}],"version-history":[{"count":25,"href":"https:\/\/lifeadaptablues.eu\/es\/wp-json\/wp\/v2\/pages\/753\/revisions"}],"predecessor-version":[{"id":1738,"href":"https:\/\/lifeadaptablues.eu\/es\/wp-json\/wp\/v2\/pages\/753\/revisions\/1738"}],"wp:attachment":[{"href":"https:\/\/lifeadaptablues.eu\/es\/wp-json\/wp\/v2\/media?parent=753"}],"curies":[{"name":"wp","href":"https:\/\/api.w.org\/{rel}","templated":true}]}}