{"id":162,"date":"2019-09-25T10:12:37","date_gmt":"2019-09-25T10:12:37","guid":{"rendered":"http:\/\/lifeadaptablues.eu\/?page_id=162"},"modified":"2020-01-20T16:41:28","modified_gmt":"2020-01-20T16:41:28","slug":"partners","status":"publish","type":"page","link":"https:\/\/lifeadaptablues.eu\/es\/partners\/","title":{"rendered":"Socios"},"content":{"rendered":"<p><div class=\"fusion-fullwidth fullwidth-box fusion-builder-row-1 nonhundred-percent-fullwidth non-hundred-percent-height-scrolling\" style=\"--awb-border-radius-top-left:0px;--awb-border-radius-top-right:0px;--awb-border-radius-bottom-right:0px;--awb-border-radius-bottom-left:0px;--awb-flex-wrap:wrap;\" ><div class=\"fusion-builder-row fusion-row\"><div class=\"fusion-layout-column fusion_builder_column fusion-builder-column-0 fusion_builder_column_1_1 1_1 fusion-one-full fusion-column-first fusion-column-last\" style=\"--awb-bg-size:cover;\"><div class=\"fusion-column-wrapper fusion-column-has-shadow fusion-flex-column-wrapper-legacy\"><div class=\"fusion-title title fusion-title-1 fusion-sep-none fusion-title-text fusion-title-size-one\"><h1 class=\"fusion-title-heading title-heading-left\" style=\"margin:0;\"><h1 style=\"text-align: center;\">Socios<\/h1><\/h1><\/div><div class=\"fusion-text fusion-text-1\"><h3 style=\"text-align: center;\">El proyecto LIFE ADAPTA BLUES es un proyecto Europeo integrado por socios de diferentes estados. Aqu\u00ed podr\u00e1 encontrar m\u00e1s informaci\u00f3n sobre cada uno de los socios.<\/h3>\n<\/div><div class=\"fusion-clearfix\"><\/div><\/div><\/div><\/div><\/div><div class=\"fusion-fullwidth fullwidth-box fusion-builder-row-2 nonhundred-percent-fullwidth non-hundred-percent-height-scrolling\" style=\"--awb-border-radius-top-left:0px;--awb-border-radius-top-right:0px;--awb-border-radius-bottom-right:0px;--awb-border-radius-bottom-left:0px;--awb-margin-top:5%;--awb-flex-wrap:wrap;\" ><div class=\"fusion-builder-row fusion-row\"><div class=\"fusion-layout-column fusion_builder_column fusion-builder-column-1 fusion_builder_column_1_3 1_3 fusion-one-third fusion-column-first\" style=\"--awb-bg-size:cover;width:33.333333333333%;width:calc(33.333333333333% - ( ( 4% ) * 0.33333333333333 ) );margin-right: 4%;\"><div class=\"fusion-column-wrapper fusion-column-has-shadow fusion-flex-column-wrapper-legacy\"><div class=\"fusion-image-element in-legacy-container\" style=\"--awb-caption-title-font-family:var(--h2_typography-font-family);--awb-caption-title-font-weight:var(--h2_typography-font-weight);--awb-caption-title-font-style:var(--h2_typography-font-style);--awb-caption-title-size:var(--h2_typography-font-size);--awb-caption-title-transform:var(--h2_typography-text-transform);--awb-caption-title-line-height:var(--h2_typography-line-height);--awb-caption-title-letter-spacing:var(--h2_typography-letter-spacing);\"><span class=\" fusion-imageframe imageframe-none imageframe-1 hover-type-none\"><a class=\"fusion-no-lightbox\" href=\"https:\/\/www.ihcantabria.com\/es\/\" target=\"_blank\" aria-label=\"IH Cantabria\" rel=\"noopener noreferrer\"><img decoding=\"async\" width=\"4138\" height=\"1709\" src=\"https:\/\/lifeadaptablues.eu\/wp-content\/uploads\/2019\/09\/IH-Cantabria.png\" alt class=\"img-responsive wp-image-178\" srcset=\"https:\/\/lifeadaptablues.eu\/wp-content\/uploads\/2019\/09\/IH-Cantabria-200x83.png 200w, https:\/\/lifeadaptablues.eu\/wp-content\/uploads\/2019\/09\/IH-Cantabria-400x165.png 400w, https:\/\/lifeadaptablues.eu\/wp-content\/uploads\/2019\/09\/IH-Cantabria-600x248.png 600w, https:\/\/lifeadaptablues.eu\/wp-content\/uploads\/2019\/09\/IH-Cantabria-800x330.png 800w, https:\/\/lifeadaptablues.eu\/wp-content\/uploads\/2019\/09\/IH-Cantabria-1200x496.png 1200w, https:\/\/lifeadaptablues.eu\/wp-content\/uploads\/2019\/09\/IH-Cantabria.png 4138w\" sizes=\"(max-width: 800px) 100vw, 400px\" \/><\/a><\/span><\/div><div class=\"fusion-clearfix\"><\/div><\/div><\/div><div class=\"fusion-layout-column fusion_builder_column fusion-builder-column-2 fusion_builder_column_2_3 2_3 fusion-two-third fusion-column-last\" style=\"--awb-bg-size:cover;width:66.666666666667%;width:calc(66.666666666667% - ( ( 4% ) * 0.66666666666667 ) );\"><div class=\"fusion-column-wrapper fusion-column-has-shadow fusion-flex-column-wrapper-legacy\"><div class=\"fusion-text fusion-text-2\"><p><strong>IHCantabria<\/strong> se cre\u00f3 en 2007 como un centro de investigaci\u00f3n mixto de la Universidad de Cantabria y el Gobierno de Cantabria. Es una instituci\u00f3n puntera en la investigaci\u00f3n sobre ingenier\u00eda costera y oce\u00e1nica en Espa\u00f1a y ha participado en m\u00e1s de <strong>1000 proyectos<\/strong> en 60 pa\u00edses diferentes. Integra m\u00e1s de 140 investigadores y cient\u00edficos de diferentes disciplinas que abordan una amplia variedad de desaf\u00edos en la <strong>ingenier\u00eda costera<\/strong> y la <strong>gesti\u00f3n ambiental<\/strong><strong>.<\/strong> Entre sus principales campos de investigaci\u00f3n se encuentran el estudio del <strong>clima mar\u00edtimo<\/strong>, el <b>riesgo <\/b>asociado a la climatolog\u00eda en las zonas costeras, el papel de los <strong>ecosistemas costeros<\/strong> como defensas naturales y sumideros de carbono y el desarrollo de <strong>soluciones basadas en la naturaleza<\/strong> para la adaptaci\u00f3n frente al cambio clim\u00e1tico en las zonas costeras.<\/p>\n<\/div><div class=\"fusion-clearfix\"><\/div><\/div><\/div><div class=\"fusion-layout-column fusion_builder_column fusion-builder-column-3 fusion_builder_column_1_1 1_1 fusion-one-full fusion-column-first fusion-column-last\" style=\"--awb-bg-size:cover;\"><div class=\"fusion-column-wrapper fusion-column-has-shadow fusion-flex-column-wrapper-legacy\"><div class=\"fusion-sep-clear\"><\/div><div class=\"fusion-separator fusion-full-width-sep\" style=\"margin-left: auto;margin-right: auto;width:100%;\"><div class=\"fusion-separator-border sep-single sep-dotted\" style=\"--awb-height:20px;--awb-amount:20px;--awb-sep-color:#548cbe;border-color:#548cbe;border-top-width:3px;\"><\/div><\/div><div class=\"fusion-sep-clear\"><\/div><div class=\"fusion-clearfix\"><\/div><\/div><\/div><\/div><\/div><div class=\"fusion-fullwidth fullwidth-box fusion-builder-row-3 nonhundred-percent-fullwidth non-hundred-percent-height-scrolling\" style=\"--awb-border-radius-top-left:0px;--awb-border-radius-top-right:0px;--awb-border-radius-bottom-right:0px;--awb-border-radius-bottom-left:0px;--awb-margin-top:2%;--awb-flex-wrap:wrap;\" ><div class=\"fusion-builder-row fusion-row\"><div class=\"fusion-layout-column fusion_builder_column fusion-builder-column-4 fusion_builder_column_1_3 1_3 fusion-one-third fusion-column-first\" style=\"--awb-bg-size:cover;width:33.333333333333%;width:calc(33.333333333333% - ( ( 4% ) * 0.33333333333333 ) );margin-right: 4%;\"><div class=\"fusion-column-wrapper fusion-column-has-shadow fusion-flex-column-wrapper-legacy\"><div class=\"fusion-image-element in-legacy-container\" style=\"--awb-caption-title-font-family:var(--h2_typography-font-family);--awb-caption-title-font-weight:var(--h2_typography-font-weight);--awb-caption-title-font-style:var(--h2_typography-font-style);--awb-caption-title-size:var(--h2_typography-font-size);--awb-caption-title-transform:var(--h2_typography-text-transform);--awb-caption-title-line-height:var(--h2_typography-line-height);--awb-caption-title-letter-spacing:var(--h2_typography-letter-spacing);\"><span class=\" fusion-imageframe imageframe-none imageframe-2 hover-type-none\"><a class=\"fusion-no-lightbox\" href=\"https:\/\/www.ihcantabria.com\/es\/\" target=\"_blank\" aria-label=\"ipleiria2\" rel=\"noopener noreferrer\"><img decoding=\"async\" width=\"3334\" height=\"947\" src=\"https:\/\/lifeadaptablues.eu\/wp-content\/uploads\/2019\/09\/ipleiria2.png\" alt class=\"img-responsive wp-image-188\" srcset=\"https:\/\/lifeadaptablues.eu\/wp-content\/uploads\/2019\/09\/ipleiria2-200x57.png 200w, https:\/\/lifeadaptablues.eu\/wp-content\/uploads\/2019\/09\/ipleiria2-400x114.png 400w, https:\/\/lifeadaptablues.eu\/wp-content\/uploads\/2019\/09\/ipleiria2-600x170.png 600w, https:\/\/lifeadaptablues.eu\/wp-content\/uploads\/2019\/09\/ipleiria2-800x227.png 800w, https:\/\/lifeadaptablues.eu\/wp-content\/uploads\/2019\/09\/ipleiria2-1200x341.png 1200w, https:\/\/lifeadaptablues.eu\/wp-content\/uploads\/2019\/09\/ipleiria2.png 3334w\" sizes=\"(max-width: 800px) 100vw, 400px\" \/><\/a><\/span><\/div><div class=\"fusion-clearfix\"><\/div><\/div><\/div><div class=\"fusion-layout-column fusion_builder_column fusion-builder-column-5 fusion_builder_column_2_3 2_3 fusion-two-third fusion-column-last\" style=\"--awb-bg-size:cover;width:66.666666666667%;width:calc(66.666666666667% - ( ( 4% ) * 0.66666666666667 ) );\"><div class=\"fusion-column-wrapper fusion-column-has-shadow fusion-flex-column-wrapper-legacy\"><div class=\"fusion-text fusion-text-3\"><p>El Polit\u00e9cnico de Leiria es una insituci\u00f3n p\u00fablica de ense\u00f1anza superior que desarrolla su actividad desde el a\u00f1o 1980 en el campo de la educaci\u00f3n y la investigaci\u00f3n, proporcionando numerosos servicios a la comunidad y extendiendo su cooperaci\u00f3n al \u00e1mbito t\u00e9cnico y cultural. La calidad de sus servicios se fundamenta en unas instalaciones modernas y bien equipadas, distribuidas a lo largo de 5 escuelas superiores en Leiria y el oeste de la regi\u00f3n, y el trabajo de 1.250 colaboradores, de los que m\u00e1s de 900 son profesores universitarios (el 60% de los cuales disponen de la titulaci\u00f3n de Doctor).<\/p>\n<p>El Polit\u00e9cnico de Leiria est\u00e1 orientado a la investigaci\u00f3n aplicada, aportando soluciones a retos concreto de la sociedad y el mundo empresarial, a trav\u00e9s de la investigaci\u00f3n, el desarrollo de proyectos y la prestaci\u00f3n de servicios. Este sistema de I+D incluye, entre otros, 5 facultades, 15 centros de I+D+i y 4 clusters tecnol\u00f3gicos de competitividad (cluster do Conhecimento e Economia do Mar; Cluster Agro-Industrial do Centro \u2013 InovCluster; P\u00f3lo Engineering &#038; Tooling; P\u00f3lo TICE.PT).<\/p>\n<\/div><div class=\"fusion-clearfix\"><\/div><\/div><\/div><div class=\"fusion-layout-column fusion_builder_column fusion-builder-column-6 fusion_builder_column_1_1 1_1 fusion-one-full fusion-column-first fusion-column-last\" style=\"--awb-bg-size:cover;\"><div class=\"fusion-column-wrapper fusion-column-has-shadow fusion-flex-column-wrapper-legacy\"><div class=\"fusion-sep-clear\"><\/div><div class=\"fusion-separator fusion-full-width-sep\" style=\"margin-left: auto;margin-right: auto;width:100%;\"><div class=\"fusion-separator-border sep-single sep-dotted\" style=\"--awb-height:20px;--awb-amount:20px;--awb-sep-color:#548cbe;border-color:#548cbe;border-top-width:3px;\"><\/div><\/div><div class=\"fusion-sep-clear\"><\/div><div class=\"fusion-clearfix\"><\/div><\/div><\/div><\/div><\/div><div class=\"fusion-fullwidth fullwidth-box fusion-builder-row-4 nonhundred-percent-fullwidth non-hundred-percent-height-scrolling\" style=\"--awb-border-radius-top-left:0px;--awb-border-radius-top-right:0px;--awb-border-radius-bottom-right:0px;--awb-border-radius-bottom-left:0px;--awb-margin-top:2%;--awb-flex-wrap:wrap;\" ><div class=\"fusion-builder-row fusion-row\"><div class=\"fusion-layout-column fusion_builder_column fusion-builder-column-7 fusion_builder_column_1_3 1_3 fusion-one-third fusion-column-first\" style=\"--awb-bg-size:cover;width:33.333333333333%;width:calc(33.333333333333% - ( ( 4% ) * 0.33333333333333 ) );margin-right: 4%;\"><div class=\"fusion-column-wrapper fusion-column-has-shadow fusion-flex-column-wrapper-legacy\"><div class=\"fusion-image-element in-legacy-container\" style=\"--awb-caption-title-font-family:var(--h2_typography-font-family);--awb-caption-title-font-weight:var(--h2_typography-font-weight);--awb-caption-title-font-style:var(--h2_typography-font-style);--awb-caption-title-size:var(--h2_typography-font-size);--awb-caption-title-transform:var(--h2_typography-text-transform);--awb-caption-title-line-height:var(--h2_typography-line-height);--awb-caption-title-letter-spacing:var(--h2_typography-letter-spacing);\"><span class=\" fusion-imageframe imageframe-none imageframe-3 hover-type-none\"><a class=\"fusion-no-lightbox\" href=\"http:\/\/www.centerofportugal.com\/es\/figueira-da-foz\/\" target=\"_blank\" aria-label=\"Marca preto\" rel=\"noopener noreferrer\"><img decoding=\"async\" width=\"2506\" height=\"1210\" src=\"https:\/\/lifeadaptablues.eu\/wp-content\/uploads\/2019\/09\/Marca-preto-e1569408568481.png\" alt class=\"img-responsive wp-image-191\" srcset=\"https:\/\/lifeadaptablues.eu\/wp-content\/uploads\/2019\/09\/Marca-preto-e1569408568481-200x97.png 200w, https:\/\/lifeadaptablues.eu\/wp-content\/uploads\/2019\/09\/Marca-preto-e1569408568481-400x193.png 400w, https:\/\/lifeadaptablues.eu\/wp-content\/uploads\/2019\/09\/Marca-preto-e1569408568481-600x290.png 600w, https:\/\/lifeadaptablues.eu\/wp-content\/uploads\/2019\/09\/Marca-preto-e1569408568481-800x386.png 800w, https:\/\/lifeadaptablues.eu\/wp-content\/uploads\/2019\/09\/Marca-preto-e1569408568481-1200x579.png 1200w, https:\/\/lifeadaptablues.eu\/wp-content\/uploads\/2019\/09\/Marca-preto-e1569408568481.png 2506w\" sizes=\"(max-width: 800px) 100vw, 2506px\" \/><\/a><\/span><\/div><div class=\"fusion-clearfix\"><\/div><\/div><\/div><div class=\"fusion-layout-column fusion_builder_column fusion-builder-column-8 fusion_builder_column_2_3 2_3 fusion-two-third fusion-column-last\" style=\"--awb-bg-size:cover;width:66.666666666667%;width:calc(66.666666666667% - ( ( 4% ) * 0.66666666666667 ) );\"><div class=\"fusion-column-wrapper fusion-column-has-shadow fusion-flex-column-wrapper-legacy\"><div class=\"fusion-text fusion-text-4\"><p>El ayuntamiento de <strong>Figueira de Foz<\/strong> (CMFF) tiene 10 de sus 14 parroquias administrativas en contacto directo con el mar o con el estuario de Mondego. Este hecho ilustra claramente el <strong>alto riesgo de inundaci\u00f3n<\/strong> del municipio, y la importancia que los resultados de este proyecto pueden tener de cara al futuro del territorio. Figueira da Foz lleva muchos a\u00f1os participando en <strong>actividades de cooperaci\u00f3n<\/strong>. En el campo del Cambio Clim\u00e1tico, el municipio ha desarrollado, y sigue haci\u00e9ndolo, diferentes proyectos tanto en solitario como formando parte de consorcios regionales y nacionales. Como ejemplo, el ayuntamiento dise\u00f1o la <strong>Estrategia Municipal para Adaptaci\u00f3n al Cambio Clim\u00e1tico<\/strong> en el marco de un proyecto nacional (ClimAdaPT.Local), junto con representantes de organizaciones locales, empresas y ciudadanos. Este proyecto aborda estrategias y pol\u00edticas frente al Cambio Clim\u00e1tico con el objeto de poder anticiparse a sus efectos y prevenir, o minimizar, sus da\u00f1os.<\/p>\n<\/div><div class=\"fusion-clearfix\"><\/div><\/div><\/div><div class=\"fusion-layout-column fusion_builder_column fusion-builder-column-9 fusion_builder_column_1_1 1_1 fusion-one-full fusion-column-first fusion-column-last\" style=\"--awb-bg-size:cover;\"><div class=\"fusion-column-wrapper fusion-column-has-shadow fusion-flex-column-wrapper-legacy\"><div class=\"fusion-sep-clear\"><\/div><div class=\"fusion-separator fusion-full-width-sep\" style=\"margin-left: auto;margin-right: auto;width:100%;\"><div class=\"fusion-separator-border sep-single sep-dotted\" style=\"--awb-height:20px;--awb-amount:20px;--awb-sep-color:#548cbe;border-color:#548cbe;border-top-width:3px;\"><\/div><\/div><div class=\"fusion-sep-clear\"><\/div><div class=\"fusion-clearfix\"><\/div><\/div><\/div><\/div><\/div><div class=\"fusion-fullwidth fullwidth-box fusion-builder-row-5 nonhundred-percent-fullwidth non-hundred-percent-height-scrolling\" style=\"--awb-border-radius-top-left:0px;--awb-border-radius-top-right:0px;--awb-border-radius-bottom-right:0px;--awb-border-radius-bottom-left:0px;--awb-margin-top:2%;--awb-flex-wrap:wrap;\" ><div class=\"fusion-builder-row fusion-row\"><div class=\"fusion-layout-column fusion_builder_column fusion-builder-column-10 fusion_builder_column_1_3 1_3 fusion-one-third fusion-column-first\" style=\"--awb-bg-size:cover;width:33.333333333333%;width:calc(33.333333333333% - ( ( 4% ) * 0.33333333333333 ) );margin-right: 4%;\"><div class=\"fusion-column-wrapper fusion-column-has-shadow fusion-flex-column-wrapper-legacy\"><div class=\"fusion-image-element in-legacy-container\" style=\"--awb-caption-title-font-family:var(--h2_typography-font-family);--awb-caption-title-font-weight:var(--h2_typography-font-weight);--awb-caption-title-font-style:var(--h2_typography-font-style);--awb-caption-title-size:var(--h2_typography-font-size);--awb-caption-title-transform:var(--h2_typography-text-transform);--awb-caption-title-line-height:var(--h2_typography-line-height);--awb-caption-title-letter-spacing:var(--h2_typography-letter-spacing);\"><span class=\" fusion-imageframe imageframe-none imageframe-4 hover-type-none\"><a class=\"fusion-no-lightbox\" href=\"https:\/\/www.nature.org\/en-us\/\" target=\"_blank\" aria-label=\"TNClogoPrimary_OU_CMYK_Europe\" rel=\"noopener noreferrer\"><img decoding=\"async\" width=\"525\" height=\"200\" src=\"https:\/\/lifeadaptablues.eu\/wp-content\/uploads\/2020\/01\/TNClogoPrimary_OU_CMYK_Europe-e1579537993456.png\" alt class=\"img-responsive wp-image-650\"\/><\/a><\/span><\/div><div class=\"fusion-clearfix\"><\/div><\/div><\/div><div class=\"fusion-layout-column fusion_builder_column fusion-builder-column-11 fusion_builder_column_2_3 2_3 fusion-two-third fusion-column-last\" style=\"--awb-bg-size:cover;width:66.666666666667%;width:calc(66.666666666667% - ( ( 4% ) * 0.66666666666667 ) );\"><div class=\"fusion-column-wrapper fusion-column-has-shadow fusion-flex-column-wrapper-legacy\"><div class=\"fusion-text fusion-text-5\"><p><strong>The Nature Conservancy<\/strong> es una ONG medioambiental con sede en Arlington, Virginia, Estados Unidos. Fundada en 1951, The Nature Conservancy\u00a0 tiene m\u00e1s de u<strong>n mill\u00f3n de miembros<\/strong>, <strong>4000 empleados<\/strong>, trabaja en m\u00e1s de <strong>70 pa\u00edses<\/strong> de todo el mundo y ha protegido m\u00e1s de 119,000,000 acres de territorio y cientos de miles de r\u00edos a lo largo del planeta. TNC trabaja en Europa desde 2008 y, por ahora, tiene sus oficinas distribuidas en Berl\u00edn, Bruselas y Londres, con aproximadamente 30 empleados. Nuestras estrategias se fundamentan en una <strong>base cient\u00edfica s\u00f3lida<\/strong>, que demuestra que, para que la sociedad tome el camino de la conservaci\u00f3n, debemos centrarnos en la<strong> protecci\u00f3n del territorio y las aguas<\/strong> de las que depende la vida del planeta; en <strong>hacer frente al Cambio Clim\u00e1tico<\/strong>, en <strong>proporcionar alimentos y agua de manera sostenible<\/strong>, construyendo <strong>ciudades saludables<\/strong> y <strong>conectando a la sociedad con la naturaleza<\/strong>. Estas son las \u00e1reas focales que constituyen las prioridades de la agenda de conservaci\u00f3n de TNC.<\/p>\n<\/div><div class=\"fusion-clearfix\"><\/div><\/div><\/div><div class=\"fusion-layout-column fusion_builder_column fusion-builder-column-12 fusion_builder_column_1_1 1_1 fusion-one-full fusion-column-first fusion-column-last\" style=\"--awb-bg-size:cover;\"><div class=\"fusion-column-wrapper fusion-column-has-shadow fusion-flex-column-wrapper-legacy\"><div class=\"fusion-clearfix\"><\/div><\/div><\/div><\/div><\/div><\/p>\n","protected":false},"excerpt":{"rendered":"","protected":false},"author":2,"featured_media":0,"parent":0,"menu_order":0,"comment_status":"closed","ping_status":"closed","template":"","meta":{"footnotes":""},"class_list":["post-162","page","type-page","status-publish","hentry"],"_links":{"self":[{"href":"https:\/\/lifeadaptablues.eu\/es\/wp-json\/wp\/v2\/pages\/162","targetHints":{"allow":["GET"]}}],"collection":[{"href":"https:\/\/lifeadaptablues.eu\/es\/wp-json\/wp\/v2\/pages"}],"about":[{"href":"https:\/\/lifeadaptablues.eu\/es\/wp-json\/wp\/v2\/types\/page"}],"author":[{"embeddable":true,"href":"https:\/\/lifeadaptablues.eu\/es\/wp-json\/wp\/v2\/users\/2"}],"replies":[{"embeddable":true,"href":"https:\/\/lifeadaptablues.eu\/es\/wp-json\/wp\/v2\/comments?post=162"}],"version-history":[{"count":47,"href":"https:\/\/lifeadaptablues.eu\/es\/wp-json\/wp\/v2\/pages\/162\/revisions"}],"predecessor-version":[{"id":662,"href":"https:\/\/lifeadaptablues.eu\/es\/wp-json\/wp\/v2\/pages\/162\/revisions\/662"}],"wp:attachment":[{"href":"https:\/\/lifeadaptablues.eu\/es\/wp-json\/wp\/v2\/media?parent=162"}],"curies":[{"name":"wp","href":"https:\/\/api.w.org\/{rel}","templated":true}]}}