{"id":162,"date":"2019-09-25T10:12:37","date_gmt":"2019-09-25T10:12:37","guid":{"rendered":"http:\/\/lifeadaptablues.eu\/?page_id=162"},"modified":"2020-01-20T16:41:28","modified_gmt":"2020-01-20T16:41:28","slug":"partners","status":"publish","type":"page","link":"https:\/\/lifeadaptablues.eu\/de\/partners\/","title":{"rendered":"Partner"},"content":{"rendered":"<p><div class=\"fusion-fullwidth fullwidth-box fusion-builder-row-1 nonhundred-percent-fullwidth non-hundred-percent-height-scrolling\" style=\"--awb-border-radius-top-left:0px;--awb-border-radius-top-right:0px;--awb-border-radius-bottom-right:0px;--awb-border-radius-bottom-left:0px;--awb-flex-wrap:wrap;\" ><div class=\"fusion-builder-row fusion-row\"><div class=\"fusion-layout-column fusion_builder_column fusion-builder-column-0 fusion_builder_column_1_1 1_1 fusion-one-full fusion-column-first fusion-column-last\" style=\"--awb-bg-size:cover;\"><div class=\"fusion-column-wrapper fusion-column-has-shadow fusion-flex-column-wrapper-legacy\"><div class=\"fusion-title title fusion-title-1 fusion-sep-none fusion-title-text fusion-title-size-one\"><h1 class=\"fusion-title-heading title-heading-left\" style=\"margin:0;\"><h1 style=\"text-align: center;\">Partner<\/h1><\/h1><\/div><div class=\"fusion-text fusion-text-1\"><h3 style=\"text-align: center;\">LIFE ADAPTA BLUES ist ein europ\u00e4isches Projekt, das ein internationales Team von Partnern zusammenbringt. Hier k\u00f6nnen Sie mehr dar\u00fcber erfahren.<\/h3>\n<\/div><div class=\"fusion-clearfix\"><\/div><\/div><\/div><\/div><\/div><div class=\"fusion-fullwidth fullwidth-box fusion-builder-row-2 nonhundred-percent-fullwidth non-hundred-percent-height-scrolling\" style=\"--awb-border-radius-top-left:0px;--awb-border-radius-top-right:0px;--awb-border-radius-bottom-right:0px;--awb-border-radius-bottom-left:0px;--awb-margin-top:5%;--awb-flex-wrap:wrap;\" ><div class=\"fusion-builder-row fusion-row\"><div class=\"fusion-layout-column fusion_builder_column fusion-builder-column-1 fusion_builder_column_1_3 1_3 fusion-one-third fusion-column-first\" style=\"--awb-bg-size:cover;width:33.333333333333%;width:calc(33.333333333333% - ( ( 4% ) * 0.33333333333333 ) );margin-right: 4%;\"><div class=\"fusion-column-wrapper fusion-column-has-shadow fusion-flex-column-wrapper-legacy\"><div class=\"fusion-image-element in-legacy-container\" style=\"--awb-caption-title-font-family:var(--h2_typography-font-family);--awb-caption-title-font-weight:var(--h2_typography-font-weight);--awb-caption-title-font-style:var(--h2_typography-font-style);--awb-caption-title-size:var(--h2_typography-font-size);--awb-caption-title-transform:var(--h2_typography-text-transform);--awb-caption-title-line-height:var(--h2_typography-line-height);--awb-caption-title-letter-spacing:var(--h2_typography-letter-spacing);\"><span class=\" fusion-imageframe imageframe-none imageframe-1 hover-type-none\"><a class=\"fusion-no-lightbox\" href=\"https:\/\/www.ihcantabria.com\/es\/\" target=\"_blank\" aria-label=\"IH Cantabria\" rel=\"noopener noreferrer\"><img decoding=\"async\" width=\"4138\" height=\"1709\" src=\"https:\/\/lifeadaptablues.eu\/wp-content\/uploads\/2019\/09\/IH-Cantabria.png\" alt class=\"img-responsive wp-image-178\" srcset=\"https:\/\/lifeadaptablues.eu\/wp-content\/uploads\/2019\/09\/IH-Cantabria-200x83.png 200w, https:\/\/lifeadaptablues.eu\/wp-content\/uploads\/2019\/09\/IH-Cantabria-400x165.png 400w, https:\/\/lifeadaptablues.eu\/wp-content\/uploads\/2019\/09\/IH-Cantabria-600x248.png 600w, https:\/\/lifeadaptablues.eu\/wp-content\/uploads\/2019\/09\/IH-Cantabria-800x330.png 800w, https:\/\/lifeadaptablues.eu\/wp-content\/uploads\/2019\/09\/IH-Cantabria-1200x496.png 1200w, https:\/\/lifeadaptablues.eu\/wp-content\/uploads\/2019\/09\/IH-Cantabria.png 4138w\" sizes=\"(max-width: 800px) 100vw, 400px\" \/><\/a><\/span><\/div><div class=\"fusion-clearfix\"><\/div><\/div><\/div><div class=\"fusion-layout-column fusion_builder_column fusion-builder-column-2 fusion_builder_column_2_3 2_3 fusion-two-third fusion-column-last\" style=\"--awb-bg-size:cover;width:66.666666666667%;width:calc(66.666666666667% - ( ( 4% ) * 0.66666666666667 ) );\"><div class=\"fusion-column-wrapper fusion-column-has-shadow fusion-flex-column-wrapper-legacy\"><div class=\"fusion-text fusion-text-2\"><p><strong>IHCantabria<\/strong> wurde 2007 als Forschungszentrum gegr\u00fcndet, das gemeinsam von der Universit\u00e4t Kantabrien und der Regierung Kantabriens verwaltet wird. Es ist eine Spitzenforschungseinrichtung f\u00fcr K\u00fcsten- und Ozeantechnik in Spanien und hat an mehr als<strong> 1000 Projekten<\/strong> in bis zu 60 verschiedenen L\u00e4ndern teilgenommen. Mehr als 140 Forscher und Wissenschaftler aus verschiedenen Disziplinen, die sich mit einer Vielzahl von Herausforderungen bez\u00fcglich des <strong>K\u00fcsteningenieurwesens <\/strong>und des <strong>Umweltmanagements <\/strong>auseinandersetzen, arbeiten dort. Zu den Hauptforschungsthemen geh\u00f6ren die Erforschung des <strong>Meeresklimas, <\/strong>des <strong>Klimarisiko<\/strong><strong>s<\/strong> in K\u00fcstengebieten, die Rolle der <strong>K\u00fcsten\u00f6kosysteme<\/strong> als nat\u00fcrlicher K\u00fcstenschutz und Kohlenstoffsenken sowie die Entwicklung <strong>auf der Natur beruhender L\u00f6sungen<\/strong> zur Anpassung der K\u00fcstengebiete an den Klimawandel.<\/p>\n<\/div><div class=\"fusion-clearfix\"><\/div><\/div><\/div><div class=\"fusion-layout-column fusion_builder_column fusion-builder-column-3 fusion_builder_column_1_1 1_1 fusion-one-full fusion-column-first fusion-column-last\" style=\"--awb-bg-size:cover;\"><div class=\"fusion-column-wrapper fusion-column-has-shadow fusion-flex-column-wrapper-legacy\"><div class=\"fusion-sep-clear\"><\/div><div class=\"fusion-separator fusion-full-width-sep\" style=\"margin-left: auto;margin-right: auto;width:100%;\"><div class=\"fusion-separator-border sep-single sep-dotted\" style=\"--awb-height:20px;--awb-amount:20px;--awb-sep-color:#548cbe;border-color:#548cbe;border-top-width:3px;\"><\/div><\/div><div class=\"fusion-sep-clear\"><\/div><div class=\"fusion-clearfix\"><\/div><\/div><\/div><\/div><\/div><div class=\"fusion-fullwidth fullwidth-box fusion-builder-row-3 nonhundred-percent-fullwidth non-hundred-percent-height-scrolling\" style=\"--awb-border-radius-top-left:0px;--awb-border-radius-top-right:0px;--awb-border-radius-bottom-right:0px;--awb-border-radius-bottom-left:0px;--awb-margin-top:2%;--awb-flex-wrap:wrap;\" ><div class=\"fusion-builder-row fusion-row\"><div class=\"fusion-layout-column fusion_builder_column fusion-builder-column-4 fusion_builder_column_1_3 1_3 fusion-one-third fusion-column-first\" style=\"--awb-bg-size:cover;width:33.333333333333%;width:calc(33.333333333333% - ( ( 4% ) * 0.33333333333333 ) );margin-right: 4%;\"><div class=\"fusion-column-wrapper fusion-column-has-shadow fusion-flex-column-wrapper-legacy\"><div class=\"fusion-image-element in-legacy-container\" style=\"--awb-caption-title-font-family:var(--h2_typography-font-family);--awb-caption-title-font-weight:var(--h2_typography-font-weight);--awb-caption-title-font-style:var(--h2_typography-font-style);--awb-caption-title-size:var(--h2_typography-font-size);--awb-caption-title-transform:var(--h2_typography-text-transform);--awb-caption-title-line-height:var(--h2_typography-line-height);--awb-caption-title-letter-spacing:var(--h2_typography-letter-spacing);\"><span class=\" fusion-imageframe imageframe-none imageframe-2 hover-type-none\"><a class=\"fusion-no-lightbox\" href=\"https:\/\/www.ihcantabria.com\/es\/\" target=\"_blank\" aria-label=\"ipleiria2\" rel=\"noopener noreferrer\"><img decoding=\"async\" width=\"3334\" height=\"947\" src=\"https:\/\/lifeadaptablues.eu\/wp-content\/uploads\/2019\/09\/ipleiria2.png\" alt class=\"img-responsive wp-image-188\" srcset=\"https:\/\/lifeadaptablues.eu\/wp-content\/uploads\/2019\/09\/ipleiria2-200x57.png 200w, https:\/\/lifeadaptablues.eu\/wp-content\/uploads\/2019\/09\/ipleiria2-400x114.png 400w, https:\/\/lifeadaptablues.eu\/wp-content\/uploads\/2019\/09\/ipleiria2-600x170.png 600w, https:\/\/lifeadaptablues.eu\/wp-content\/uploads\/2019\/09\/ipleiria2-800x227.png 800w, https:\/\/lifeadaptablues.eu\/wp-content\/uploads\/2019\/09\/ipleiria2-1200x341.png 1200w, https:\/\/lifeadaptablues.eu\/wp-content\/uploads\/2019\/09\/ipleiria2.png 3334w\" sizes=\"(max-width: 800px) 100vw, 400px\" \/><\/a><\/span><\/div><div class=\"fusion-clearfix\"><\/div><\/div><\/div><div class=\"fusion-layout-column fusion_builder_column fusion-builder-column-5 fusion_builder_column_2_3 2_3 fusion-two-third fusion-column-last\" style=\"--awb-bg-size:cover;width:66.666666666667%;width:calc(66.666666666667% - ( ( 4% ) * 0.66666666666667 ) );\"><div class=\"fusion-column-wrapper fusion-column-has-shadow fusion-flex-column-wrapper-legacy\"><div class=\"fusion-text fusion-text-3\"><p>Das Polytechnikum Leiria ist eine \u00f6ffentliche Hochschule, die ihre T\u00e4tigkeit seit 1980 im Bereich der Bildung und Forschung entwickelt, mehrere Dienstleistungen f\u00fcr die Gemeinschaft erbringt und hierbei die Zusammenarbeit auch auf den technischen und kulturellen Bereich ausdehnt. Die hochwertigen Unterst\u00fctzungsdienstleistungen werden durch gut ausgestattete und moderne Einrichtungen, die auf 5 Hochschulen in Leiria und der Westlichen Region verteilt sind, und durch 1.250 Mitarbeiter, von denen mehr als 900 Hochschullehrer (60 % mit Doktortitel) sind, gew\u00e4hrleistet. Das Polytechnikum Leiria ist eindeutig auf angewandte Forschung ausgerichtet und auch darauf, L\u00f6sungen f\u00fcr spezifische und reale gesellschaftliche und betriebswirtschaftliche Probleme zu finden. Durch die Forschung, die Entwicklung von Projekten oder das Erbringen von Dienstleistungen ist sie eng mit den Unternehmen verbunden. Dieses FEI &#8211; \u00d6kosystem umfasst unter anderem 5 Hochschulen, 15 FEI-Zentren und 4 Technologiecluster f\u00fcr Wettbewerbsf\u00e4higkeit (Cluster do Conhecimento e Economia do Mar; Cluster Agro-Industrial do Centro \u2013 InovCluster; P\u00f3lo Engineering &#038; Tooling; P\u00f3lo TICE.PT).<\/p>\n<\/div><div class=\"fusion-clearfix\"><\/div><\/div><\/div><div class=\"fusion-layout-column fusion_builder_column fusion-builder-column-6 fusion_builder_column_1_1 1_1 fusion-one-full fusion-column-first fusion-column-last\" style=\"--awb-bg-size:cover;\"><div class=\"fusion-column-wrapper fusion-column-has-shadow fusion-flex-column-wrapper-legacy\"><div class=\"fusion-sep-clear\"><\/div><div class=\"fusion-separator fusion-full-width-sep\" style=\"margin-left: auto;margin-right: auto;width:100%;\"><div class=\"fusion-separator-border sep-single sep-dotted\" style=\"--awb-height:20px;--awb-amount:20px;--awb-sep-color:#548cbe;border-color:#548cbe;border-top-width:3px;\"><\/div><\/div><div class=\"fusion-sep-clear\"><\/div><div class=\"fusion-clearfix\"><\/div><\/div><\/div><\/div><\/div><div class=\"fusion-fullwidth fullwidth-box fusion-builder-row-4 nonhundred-percent-fullwidth non-hundred-percent-height-scrolling\" style=\"--awb-border-radius-top-left:0px;--awb-border-radius-top-right:0px;--awb-border-radius-bottom-right:0px;--awb-border-radius-bottom-left:0px;--awb-margin-top:2%;--awb-flex-wrap:wrap;\" ><div class=\"fusion-builder-row fusion-row\"><div class=\"fusion-layout-column fusion_builder_column fusion-builder-column-7 fusion_builder_column_1_3 1_3 fusion-one-third fusion-column-first\" style=\"--awb-bg-size:cover;width:33.333333333333%;width:calc(33.333333333333% - ( ( 4% ) * 0.33333333333333 ) );margin-right: 4%;\"><div class=\"fusion-column-wrapper fusion-column-has-shadow fusion-flex-column-wrapper-legacy\"><div class=\"fusion-image-element in-legacy-container\" style=\"--awb-caption-title-font-family:var(--h2_typography-font-family);--awb-caption-title-font-weight:var(--h2_typography-font-weight);--awb-caption-title-font-style:var(--h2_typography-font-style);--awb-caption-title-size:var(--h2_typography-font-size);--awb-caption-title-transform:var(--h2_typography-text-transform);--awb-caption-title-line-height:var(--h2_typography-line-height);--awb-caption-title-letter-spacing:var(--h2_typography-letter-spacing);\"><span class=\" fusion-imageframe imageframe-none imageframe-3 hover-type-none\"><a class=\"fusion-no-lightbox\" href=\"http:\/\/www.centerofportugal.com\/es\/figueira-da-foz\/\" target=\"_blank\" aria-label=\"Marca preto\" rel=\"noopener noreferrer\"><img decoding=\"async\" width=\"2506\" height=\"1210\" src=\"https:\/\/lifeadaptablues.eu\/wp-content\/uploads\/2019\/09\/Marca-preto-e1569408568481.png\" alt class=\"img-responsive wp-image-191\" srcset=\"https:\/\/lifeadaptablues.eu\/wp-content\/uploads\/2019\/09\/Marca-preto-e1569408568481-200x97.png 200w, https:\/\/lifeadaptablues.eu\/wp-content\/uploads\/2019\/09\/Marca-preto-e1569408568481-400x193.png 400w, https:\/\/lifeadaptablues.eu\/wp-content\/uploads\/2019\/09\/Marca-preto-e1569408568481-600x290.png 600w, https:\/\/lifeadaptablues.eu\/wp-content\/uploads\/2019\/09\/Marca-preto-e1569408568481-800x386.png 800w, https:\/\/lifeadaptablues.eu\/wp-content\/uploads\/2019\/09\/Marca-preto-e1569408568481-1200x579.png 1200w, https:\/\/lifeadaptablues.eu\/wp-content\/uploads\/2019\/09\/Marca-preto-e1569408568481.png 2506w\" sizes=\"(max-width: 800px) 100vw, 2506px\" \/><\/a><\/span><\/div><div class=\"fusion-clearfix\"><\/div><\/div><\/div><div class=\"fusion-layout-column fusion_builder_column fusion-builder-column-8 fusion_builder_column_2_3 2_3 fusion-two-third fusion-column-last\" style=\"--awb-bg-size:cover;width:66.666666666667%;width:calc(66.666666666667% - ( ( 4% ) * 0.66666666666667 ) );\"><div class=\"fusion-column-wrapper fusion-column-has-shadow fusion-flex-column-wrapper-legacy\"><div class=\"fusion-text fusion-text-4\"><p>10 der 14 vom Stadtrat von<strong> Figueira<\/strong> <strong>da<\/strong> <strong>Foz<\/strong> (CMFF) verwalteten Gemeinden liegen direkt am Meer oder an dem Mondego-\u00c4stuar. Dies veranschaulicht die <strong>hohe \u00dcberschwemmungsgefahr<\/strong> in diesem Gebiet und die Bedeutung, die die Ergebnisse des Projekts in der Zukunft erlangen k\u00f6nnen. Figueira da Foz verf\u00fcgt \u00fcber mehrj\u00e4hrige <strong>Erfahrung bei Kooperationsaktivit\u00e4ten<\/strong>. Im Bereich <strong>Klimawandel<\/strong> f\u00fchrte und f\u00fchrt es entweder allein beg\u00fcnstigt oder als Teil einer regionalen oder nationalen Partnerschaft finanzierte<strong> Projekte<\/strong> durch. Als Beispiel entwarf der Rat eine <strong>kommunale Strategie f\u00fcr die Anpassung an den<\/strong> <strong>Klimawandel<\/strong> im Rahmen eines nationalen Projekts (ClimAdaPT.Local) mit Vertretern lokaler Organisationen, Unternehmen und der B\u00fcrger. ClimCiv befasst sich mit einem wichtigen Thema, bei dem die Unionsb\u00fcrgerschaft gef\u00f6rdert werden sollte: <strong>die Anpassungsstrategien und -politiken<\/strong> an den Klimawandel, um die negativen Auswirkungen des Klimawandels besser voraussehen zu k\u00f6nnen und deren Sch\u00e4den zu verhindern oder zu minimieren.<\/p>\n<\/div><div class=\"fusion-clearfix\"><\/div><\/div><\/div><div class=\"fusion-layout-column fusion_builder_column fusion-builder-column-9 fusion_builder_column_1_1 1_1 fusion-one-full fusion-column-first fusion-column-last\" style=\"--awb-bg-size:cover;\"><div class=\"fusion-column-wrapper fusion-column-has-shadow fusion-flex-column-wrapper-legacy\"><div class=\"fusion-sep-clear\"><\/div><div class=\"fusion-separator fusion-full-width-sep\" style=\"margin-left: auto;margin-right: auto;width:100%;\"><div class=\"fusion-separator-border sep-single sep-dotted\" style=\"--awb-height:20px;--awb-amount:20px;--awb-sep-color:#548cbe;border-color:#548cbe;border-top-width:3px;\"><\/div><\/div><div class=\"fusion-sep-clear\"><\/div><div class=\"fusion-clearfix\"><\/div><\/div><\/div><\/div><\/div><div class=\"fusion-fullwidth fullwidth-box fusion-builder-row-5 nonhundred-percent-fullwidth non-hundred-percent-height-scrolling\" style=\"--awb-border-radius-top-left:0px;--awb-border-radius-top-right:0px;--awb-border-radius-bottom-right:0px;--awb-border-radius-bottom-left:0px;--awb-margin-top:2%;--awb-flex-wrap:wrap;\" ><div class=\"fusion-builder-row fusion-row\"><div class=\"fusion-layout-column fusion_builder_column fusion-builder-column-10 fusion_builder_column_1_3 1_3 fusion-one-third fusion-column-first\" style=\"--awb-bg-size:cover;width:33.333333333333%;width:calc(33.333333333333% - ( ( 4% ) * 0.33333333333333 ) );margin-right: 4%;\"><div class=\"fusion-column-wrapper fusion-column-has-shadow fusion-flex-column-wrapper-legacy\"><div class=\"fusion-image-element in-legacy-container\" style=\"--awb-caption-title-font-family:var(--h2_typography-font-family);--awb-caption-title-font-weight:var(--h2_typography-font-weight);--awb-caption-title-font-style:var(--h2_typography-font-style);--awb-caption-title-size:var(--h2_typography-font-size);--awb-caption-title-transform:var(--h2_typography-text-transform);--awb-caption-title-line-height:var(--h2_typography-line-height);--awb-caption-title-letter-spacing:var(--h2_typography-letter-spacing);\"><span class=\" fusion-imageframe imageframe-none imageframe-4 hover-type-none\"><a class=\"fusion-no-lightbox\" href=\"https:\/\/www.nature.org\/en-us\/\" target=\"_blank\" aria-label=\"TNClogoPrimary_OU_CMYK_Europe\" rel=\"noopener noreferrer\"><img decoding=\"async\" width=\"525\" height=\"200\" src=\"https:\/\/lifeadaptablues.eu\/wp-content\/uploads\/2020\/01\/TNClogoPrimary_OU_CMYK_Europe-e1579537993456.png\" alt class=\"img-responsive wp-image-650\"\/><\/a><\/span><\/div><div class=\"fusion-clearfix\"><\/div><\/div><\/div><div class=\"fusion-layout-column fusion_builder_column fusion-builder-column-11 fusion_builder_column_2_3 2_3 fusion-two-third fusion-column-last\" style=\"--awb-bg-size:cover;width:66.666666666667%;width:calc(66.666666666667% - ( ( 4% ) * 0.66666666666667 ) );\"><div class=\"fusion-column-wrapper fusion-column-has-shadow fusion-flex-column-wrapper-legacy\"><div class=\"fusion-text fusion-text-5\"><p>The <strong>Nature Conservancy<\/strong> ist eine gemeinn\u00fctzige Umweltorganisation mit Sitz in Arlington, Virginia, USA. The Nature Conservancy wurde 1951 gegr\u00fcndet und hat <strong>\u00fcber eine Million Mitglieder,<\/strong> <strong>4000 Mitarbeiter, <\/strong>ist in \u00fcber <strong>70 L\u00e4ndern<\/strong> weltweit t\u00e4tig und hat weltweit mehr als <strong>119.000.000 Morgen Land<\/strong> und Tausende von Meilen<strong> von Fl\u00fcssen<\/strong> gesch\u00fctzt. TNC ist seit 2008 in Europa t\u00e4tig und hat heute B\u00fcros in Berlin, Br\u00fcssel und London mit rund 30 Mitarbeitern. Unsere Strategien gr\u00fcnden nach wie vor auf <strong>solider Wissenschaft<\/strong>, die zeigt, dass wir uns, um die Gesamtheit der Gesellschaft auf den Weg des Naturschutzes zu bringen, auf den <strong>Schutz von Land und Gew\u00e4ssern<\/strong>, von denen alles Leben abh\u00e4ngt, auf die <strong>Bek\u00e4mpfung des Klimawandels, auf die<\/strong> <strong>nachhaltige Versorgung mit Nahrung und Wasser, den <\/strong>Aufbau <strong>gesunder St\u00e4dte <\/strong>und darauf, <strong>den Menschen und die Natur in Einklang zu bringen, <\/strong>konzentrieren m\u00fcssen<strong>.<\/strong> Diese Schwerpunktbereiche bilden die Priorit\u00e4ten der gemeinsamen Naturschutzagenda des TNC.<\/p>\n<\/div><div class=\"fusion-clearfix\"><\/div><\/div><\/div><div class=\"fusion-layout-column fusion_builder_column fusion-builder-column-12 fusion_builder_column_1_1 1_1 fusion-one-full fusion-column-first fusion-column-last\" style=\"--awb-bg-size:cover;\"><div class=\"fusion-column-wrapper fusion-column-has-shadow fusion-flex-column-wrapper-legacy\"><div class=\"fusion-clearfix\"><\/div><\/div><\/div><\/div><\/div><\/p>\n","protected":false},"excerpt":{"rendered":"","protected":false},"author":2,"featured_media":0,"parent":0,"menu_order":0,"comment_status":"closed","ping_status":"closed","template":"","meta":{"footnotes":""},"class_list":["post-162","page","type-page","status-publish","hentry"],"_links":{"self":[{"href":"https:\/\/lifeadaptablues.eu\/de\/wp-json\/wp\/v2\/pages\/162","targetHints":{"allow":["GET"]}}],"collection":[{"href":"https:\/\/lifeadaptablues.eu\/de\/wp-json\/wp\/v2\/pages"}],"about":[{"href":"https:\/\/lifeadaptablues.eu\/de\/wp-json\/wp\/v2\/types\/page"}],"author":[{"embeddable":true,"href":"https:\/\/lifeadaptablues.eu\/de\/wp-json\/wp\/v2\/users\/2"}],"replies":[{"embeddable":true,"href":"https:\/\/lifeadaptablues.eu\/de\/wp-json\/wp\/v2\/comments?post=162"}],"version-history":[{"count":47,"href":"https:\/\/lifeadaptablues.eu\/de\/wp-json\/wp\/v2\/pages\/162\/revisions"}],"predecessor-version":[{"id":662,"href":"https:\/\/lifeadaptablues.eu\/de\/wp-json\/wp\/v2\/pages\/162\/revisions\/662"}],"wp:attachment":[{"href":"https:\/\/lifeadaptablues.eu\/de\/wp-json\/wp\/v2\/media?parent=162"}],"curies":[{"name":"wp","href":"https:\/\/api.w.org\/{rel}","templated":true}]}}